{"id":37554,"date":"2026-01-18T21:27:08","date_gmt":"2026-01-18T20:27:08","guid":{"rendered":"https:\/\/licahomes.com\/sv\/?page_id=37554"},"modified":"2026-01-18T21:27:08","modified_gmt":"2026-01-18T20:27:08","slug":"sasongsboenden","status":"publish","type":"page","link":"https:\/\/licahomes.com\/sv\/sasongsboenden\/","title":{"rendered":"S\u00e4songsboenden"},"content":{"rendered":"<div class=\"wpb-content-wrapper\"><p>[vc_row][vc_column][vc_column_text css=&#8221;&#8221;]<\/p>\n<h2 style=\"text-align: center; font-size: 32px;\">S\u00e4songsboenden p\u00e5 Costa del Sol<\/h2>\n<div class=\"subheading\" style=\"text-align: center;\">P\u00e5 Lica Homes erbjuder vi s\u00e4songsuthyrning fr\u00e5n september till juni. Det \u00e4r det perfekta alternativet f\u00f6r vistelser p\u00e5 flera m\u00e5nader, utformat f\u00f6r dig som vill njuta av Costa del Sol i en mer avslappnad takt och k\u00e4nna dig som hemma. Oavsett om du kommer i arbete, letar efter en solig vintersemester eller helt enkelt vill komma bort fr\u00e5n vardagens stress, hj\u00e4lper vi dig g\u00e4rna att hitta det perfekta st\u00e4llet. V\u00e5ra boenden \u00e4r fullt utrustade och redo s\u00e5 att du kan fokusera p\u00e5 att njuta.<\/div>\n<p>[\/vc_column_text][\/vc_column][\/vc_row]<\/p>\n<\/div>","protected":false},"excerpt":{"rendered":"<p>[vc_row][vc_column][vc_column_text css=&#8221;&#8221;] S\u00e4songsboenden p\u00e5 Costa del Sol P\u00e5 Lica Homes erbjuder vi s\u00e4songsuthyrning fr\u00e5n september till juni. Det \u00e4r det perfekta alternativet f\u00f6r vistelser p\u00e5 flera m\u00e5nader, utformat f\u00f6r dig som vill njuta av Costa del Sol i en mer avslappnad takt och k\u00e4nna dig som hemma. Oavsett om du kommer i arbete, letar efter &#8230;<\/p>\n","protected":false},"author":1,"featured_media":0,"parent":0,"menu_order":0,"comment_status":"closed","ping_status":"closed","template":"property_list.php","meta":{"inline_featured_image":false,"footnotes":""},"class_list":["post-37554","page","type-page","status-publish","hentry"],"_links":{"self":[{"href":"https:\/\/licahomes.com\/sv\/wp-json\/wp\/v2\/pages\/37554","targetHints":{"allow":["GET"]}}],"collection":[{"href":"https:\/\/licahomes.com\/sv\/wp-json\/wp\/v2\/pages"}],"about":[{"href":"https:\/\/licahomes.com\/sv\/wp-json\/wp\/v2\/types\/page"}],"author":[{"embeddable":true,"href":"https:\/\/licahomes.com\/sv\/wp-json\/wp\/v2\/users\/1"}],"replies":[{"embeddable":true,"href":"https:\/\/licahomes.com\/sv\/wp-json\/wp\/v2\/comments?post=37554"}],"version-history":[{"count":1,"href":"https:\/\/licahomes.com\/sv\/wp-json\/wp\/v2\/pages\/37554\/revisions"}],"predecessor-version":[{"id":37566,"href":"https:\/\/licahomes.com\/sv\/wp-json\/wp\/v2\/pages\/37554\/revisions\/37566"}],"wp:attachment":[{"href":"https:\/\/licahomes.com\/sv\/wp-json\/wp\/v2\/media?parent=37554"}],"curies":[{"name":"wp","href":"https:\/\/api.w.org\/{rel}","templated":true}]}}