{"id":37369,"date":"2025-06-11T20:49:01","date_gmt":"2025-06-11T18:49:01","guid":{"rendered":"https:\/\/licahomes.com\/sv\/?page_id=37369"},"modified":"2025-06-11T20:49:50","modified_gmt":"2025-06-11T18:49:50","slug":"samarbeta-med-oss","status":"publish","type":"page","link":"https:\/\/licahomes.com\/sv\/samarbeta-med-oss\/","title":{"rendered":"Samarbeta med oss"},"content":{"rendered":"<div class=\"wpb-content-wrapper\"><p>[vc_row css=&#8221;.vc_custom_1749667787527{margin-top: 30px !important;}&#8221;][vc_column width=&#8221;1\/2&#8243;][vc_column_text css=&#8221;&#8221;]P\u00e5 Lica Homes erbjuder vi dig m\u00f6jligheten att samarbeta med oss \u200b\u200boch generera extra inkomst genom att rekommendera v\u00e5ra semesterbost\u00e4der eller v\u00e5ra f\u00f6rvaltningstj\u00e4nster.<\/p>\n<p>F\u00f6r resebyr\u00e5er och turistexperter<\/p>\n<p>Erbjud dina kunder en komplett upplevelse p\u00e5 Costa del Sol. V\u00e5ra semesterl\u00e4genheter \u00e4r noggrant utvalda f\u00f6r att garantera komfort, ett utm\u00e4rkt l\u00e4ge och oklanderlig kundservice.<\/p>\n<p>Genom att samarbeta med oss \u200b\u200bf\u00e5r du:<\/p>\n<ul>\n<li>Konkurrenskraftiga provisioner f\u00f6r varje bekr\u00e4ftad bokning<\/li>\n<li>Ett professionellt team som tar hand om allt<\/li>\n<li>Ideala alternativ f\u00f6r korta eller medell\u00e5nga vistelser<\/li>\n<li>Personlig service p\u00e5 flera spr\u00e5k<\/li>\n<li>Flexibilitet och transparens i processen<\/li>\n<\/ul>\n<p>F\u00f6r fastighetsbyr\u00e5er som specialiserar sig p\u00e5 fastighetsf\u00f6rs\u00e4ljning<\/p>\n<p>Har du kunder som k\u00f6per ett fritidshus eller en investeringsfastighet p\u00e5 Costa del Sol?<\/p>\n<p>Rekommendera oss som ditt p\u00e5litliga f\u00f6rvaltningsf\u00f6retag f\u00f6r semesterbost\u00e4der. P\u00e5 Lica Homes tar vi hand om allt: fr\u00e5n uppstart av fastigheten till marknadsf\u00f6ring, g\u00e4stservice, st\u00e4dning och underh\u00e5ll.<\/p>\n<p>Detta g\u00f6r att du kan:<\/p>\n<ul>\n<li>Erbjuda en mer omfattande eftermarknadsservice<\/li>\n<li>Ge merv\u00e4rde och differentiera dig fr\u00e5n konkurrenterna<\/li>\n<li>Generera ytterligare int\u00e4kter genom partnerskapsavtal<\/li>\n<li>K\u00e4nn dig trygg i att rekommendera ett lokalt, transparent och professionellt f\u00f6retag<\/li>\n<\/ul>\n<p>Om du dessutom \u00e4r en byr\u00e5 med fastigheter i din portf\u00f6lj som kan anv\u00e4ndas som turistboende kan vi hj\u00e4lpa dig att analysera dem, f\u00f6rbereda dem och b\u00f6rja tj\u00e4na pengar fr\u00e5n b\u00f6rjan.<\/p>\n<p>Intresserad av att samarbeta?<br \/>\nKontakta oss utan f\u00f6rpliktelser, s\u00e5 skickar vi dig all information om v\u00e5rt partnerprogram.[\/vc_column_text][vc_separator css=&#8221;&#8221;][vc_column_text css=&#8221;.vc_custom_1748074596195{margin-bottom: 20px !important;}&#8221;]<\/p>\n<p style=\"font-size: 16px; font-weight: bold;\">Kontaktinformation<\/p>\n<p>[\/vc_column_text]<div class=\"uavc-list-icon uavc-list-icon-wrapper ult-adjust-bottom-margin   ultimate_icon_list  ultimate_icon_list\"><ul class=\"uavc-list\"><li><div class=\"uavc-list-content\" id=\"list-icon-wrap-5474\">\n<div class=\"uavc-list-icon  \" data-animation=\"\" data-animation-delay=\"03\" style=\"margin-right:10px;\"><div class=\"ult-just-icon-wrapper   just_icon\"><div class=\"align-icon\" style=\"text-align:center;\">\n<div class=\"aio-icon none \"  style=\"color:#333333;font-size:20px;display:inline-block;\">\n\t<i class=\"Defaults-envelope-o\"><\/i>\n<\/div><\/div><\/div>\n<\/div><span  data-ultimate-target='#list-icon-wrap-5474 .uavc-list-desc'  data-responsive-json-new='{\"font-size\":\"\",\"line-height\":\"\"}'  class=\"uavc-list-desc ult-responsive\" style=\"\">info@licahomes.com<\/p>\n<p><\/span><\/div><\/li><li><div class=\"uavc-list-content\" id=\"list-icon-wrap-1794\">\n<div class=\"uavc-list-icon  \" data-animation=\"\" data-animation-delay=\"03\" style=\"margin-right:10px;\"><div class=\"ult-just-icon-wrapper   just_icon\"><div class=\"align-icon\" style=\"text-align:center;\">\n<div class=\"aio-icon none \"  style=\"color:#333333;font-size:20px;display:inline-block;\">\n\t<i class=\"Defaults-phone\"><\/i>\n<\/div><\/div><\/div>\n<\/div><span  data-ultimate-target='#list-icon-wrap-1794 .uavc-list-desc'  data-responsive-json-new='{\"font-size\":\"\",\"line-height\":\"\"}'  class=\"uavc-list-desc ult-responsive\" style=\"\">+34 951748480<\/p>\n<p><\/span><\/div><\/li><\/ul><\/div>[\/vc_column][vc_column width=&#8221;1\/2&#8243;][vc_column_text css=&#8221;.vc_custom_1748074546264{margin-bottom: 20px !important;}&#8221;]<\/p>\n<p style=\"font-size: 16px; font-weight: bold;\">Skicka ett meddelande till oss<\/p>\n<p>Vi finns h\u00e4r f\u00f6r att hj\u00e4lpa dig. Fyll i formul\u00e4ret s\u00e5 kontaktar vi dig s\u00e5 snart som m\u00f6jligt.<br \/>\n[\/vc_column_text]\n<div class=\"wpcf7 no-js\" id=\"wpcf7-f37201-o1\" lang=\"es-ES\" dir=\"ltr\" data-wpcf7-id=\"37201\">\n<div class=\"screen-reader-response\"><p role=\"status\" aria-live=\"polite\" aria-atomic=\"true\"><\/p> <ul><\/ul><\/div>\n<form action=\"\/sv\/wp-json\/wp\/v2\/pages\/37369#wpcf7-f37201-o1\" method=\"post\" class=\"wpcf7-form init\" aria-label=\"Formulario de contacto\" novalidate=\"novalidate\" data-status=\"init\">\n<fieldset class=\"hidden-fields-container\"><input type=\"hidden\" name=\"_wpcf7\" value=\"37201\" \/><input type=\"hidden\" name=\"_wpcf7_version\" value=\"6.1.5\" \/><input type=\"hidden\" name=\"_wpcf7_locale\" value=\"es_ES\" \/><input type=\"hidden\" name=\"_wpcf7_unit_tag\" value=\"wpcf7-f37201-o1\" \/><input type=\"hidden\" name=\"_wpcf7_container_post\" value=\"0\" \/><input type=\"hidden\" name=\"_wpcf7_posted_data_hash\" value=\"\" \/>\n<\/fieldset>\n<p><label> Namn<br \/>\n<span class=\"wpcf7-form-control-wrap\" data-name=\"your-name\"><input size=\"40\" maxlength=\"400\" class=\"wpcf7-form-control wpcf7-text wpcf7-validates-as-required\" autocomplete=\"name\" aria-required=\"true\" aria-invalid=\"false\" value=\"\" type=\"text\" name=\"your-name\" \/><\/span> <\/label>\n<\/p>\n<p><label> E-post<br \/>\n<span class=\"wpcf7-form-control-wrap\" data-name=\"your-email\"><input size=\"40\" maxlength=\"400\" class=\"wpcf7-form-control wpcf7-email wpcf7-validates-as-required wpcf7-text wpcf7-validates-as-email\" autocomplete=\"email\" aria-required=\"true\" aria-invalid=\"false\" value=\"\" type=\"email\" name=\"your-email\" \/><\/span> <\/label>\n<\/p>\n<p><label> \u00c4mnesrad<br \/>\n<span class=\"wpcf7-form-control-wrap\" data-name=\"your-subject\"><input size=\"40\" maxlength=\"400\" class=\"wpcf7-form-control wpcf7-text wpcf7-validates-as-required\" aria-required=\"true\" aria-invalid=\"false\" value=\"\" type=\"text\" name=\"your-subject\" \/><\/span> <\/label>\n<\/p>\n<p><label> Meddelande<br \/>\n<span class=\"wpcf7-form-control-wrap\" data-name=\"your-message\"><textarea cols=\"40\" rows=\"10\" maxlength=\"2000\" class=\"wpcf7-form-control wpcf7-textarea\" aria-invalid=\"false\" name=\"your-message\"><\/textarea><\/span> <\/label>\n<\/p>\n<p><input class=\"wpcf7-form-control wpcf7-submit has-spinner\" type=\"submit\" value=\"Skicka\" \/>\n<\/p><div class=\"wpcf7-response-output\" aria-hidden=\"true\"><\/div>\n<\/form>\n<\/div>\n[\/vc_column][\/vc_row]<\/p>\n<\/div>","protected":false},"excerpt":{"rendered":"<p>[vc_row css=&#8221;.vc_custom_1749667787527{margin-top: 30px !important;}&#8221;][vc_column width=&#8221;1\/2&#8243;][vc_column_text css=&#8221;&#8221;]P\u00e5 Lica Homes erbjuder vi dig m\u00f6jligheten att samarbeta med oss \u200b\u200boch generera extra inkomst genom att rekommendera v\u00e5ra semesterbost\u00e4der eller v\u00e5ra f\u00f6rvaltningstj\u00e4nster. F\u00f6r resebyr\u00e5er och turistexperter Erbjud dina kunder en komplett upplevelse p\u00e5 Costa del Sol. V\u00e5ra semesterl\u00e4genheter \u00e4r noggrant utvalda f\u00f6r att garantera komfort, ett utm\u00e4rkt l\u00e4ge och &#8230;<\/p>\n","protected":false},"author":1,"featured_media":0,"parent":0,"menu_order":0,"comment_status":"open","ping_status":"open","template":"","meta":{"inline_featured_image":false,"footnotes":""},"class_list":["post-37369","page","type-page","status-publish","hentry"],"_links":{"self":[{"href":"https:\/\/licahomes.com\/sv\/wp-json\/wp\/v2\/pages\/37369","targetHints":{"allow":["GET"]}}],"collection":[{"href":"https:\/\/licahomes.com\/sv\/wp-json\/wp\/v2\/pages"}],"about":[{"href":"https:\/\/licahomes.com\/sv\/wp-json\/wp\/v2\/types\/page"}],"author":[{"embeddable":true,"href":"https:\/\/licahomes.com\/sv\/wp-json\/wp\/v2\/users\/1"}],"replies":[{"embeddable":true,"href":"https:\/\/licahomes.com\/sv\/wp-json\/wp\/v2\/comments?post=37369"}],"version-history":[{"count":2,"href":"https:\/\/licahomes.com\/sv\/wp-json\/wp\/v2\/pages\/37369\/revisions"}],"predecessor-version":[{"id":37371,"href":"https:\/\/licahomes.com\/sv\/wp-json\/wp\/v2\/pages\/37369\/revisions\/37371"}],"wp:attachment":[{"href":"https:\/\/licahomes.com\/sv\/wp-json\/wp\/v2\/media?parent=37369"}],"curies":[{"name":"wp","href":"https:\/\/api.w.org\/{rel}","templated":true}]}}