{"id":37226,"date":"2025-05-14T20:50:03","date_gmt":"2025-05-14T18:50:03","guid":{"rendered":"https:\/\/licahomes.com\/sv\/?page_id=37226"},"modified":"2025-06-11T21:02:34","modified_gmt":"2025-06-11T19:02:34","slug":"hyra-ut","status":"publish","type":"page","link":"https:\/\/licahomes.com\/sv\/hyra-ut\/","title":{"rendered":"Hyra ut"},"content":{"rendered":"<div class=\"wpb-content-wrapper\"><p>[vc_row css=&#8221;.vc_custom_1749668355639{margin-top: -110px !important;}&#8221;][vc_column css=&#8221;.vc_custom_1749668399840{margin-top: -40px !important;margin-bottom: 70px !important;}&#8221;][vc_btn title=&#8221;G\u00d6R DIN BOKNING&#8221; color=&#8221;info&#8221; align=&#8221;center&#8221; css=&#8221;&#8221; link=&#8221;url:https%3A%2F%2Flicahomes.com%2Fsv%2Freserv%2F&#8221; el_class=&#8221;book_button&#8221;][\/vc_column][\/vc_row][vc_row][vc_column][vc_column_text css=&#8221;.vc_custom_1748074517148{padding-bottom: 10px !important;}&#8221; el_class=&#8221;frontheading&#8221;]<\/p>\n<h2 style=\"text-align: center; font-size: 32px;\">Din egendom, i de b\u00e4sta h\u00e4nderna<\/h2>\n<p>[\/vc_column_text][\/vc_column][\/vc_row][vc_row][vc_column width=&#8221;1\/2&#8243;][vc_column_text css=&#8221;&#8221;]P\u00e5 Lica Homes har vi i \u00f6ver 18 \u00e5r hj\u00e4lpt hus\u00e4gare som du att g\u00f6ra sina hem p\u00e5 Costa del Sol l\u00f6nsamma med fullst\u00e4ndig sinnesro.<\/p>\n<p>Vi tar hand om allt: fr\u00e5n marknadsf\u00f6ring via flera kanaler till daglig ledning, g\u00e4strelationer och uppm\u00e4rksamhet p\u00e5 varje detalj.<br \/>\nVi arbetar med ett p\u00e5litligt st\u00e4d- och underh\u00e5llsteam och erbjuder personlig uppm\u00e4rksamhet f\u00f6r att h\u00e5lla din fastighet i perfekt skick.<\/p>\n<p>Vi str\u00e4var efter n\u00e4ra, \u00e4rliga och varaktiga relationer, d\u00e4r transparens och \u00f6msesidigt f\u00f6rtroende \u00e4r grunden f\u00f6r allt. Dessutom kan vi, som ett oberoende f\u00f6retag, anpassa oss till era behov och erbjuda flexibla l\u00f6sningar, inklusive semesterbost\u00e4der och mellantidsuthyrning.<\/p>\n<p>P\u00e5 Lica Homes tar vi hand om ditt hem som om det vore v\u00e5rt eget. Och det g\u00f6r skillnaden. Med \u00f6ver 18 \u00e5rs erfarenhet inom semesteruthyrningsbranschen drivs vi p\u00e5 Lica Homes av en passion f\u00f6r att g\u00f6ra saker r\u00e4tt. Vi \u00e4r engagerade i pristransparens och tror starkt p\u00e5 r\u00e4ttvisa priser, b\u00e5de f\u00f6r de som erbjuder sina bost\u00e4der och f\u00f6r de som s\u00f6ker semesterbost\u00e4der.<\/p>\n<p>Vi anv\u00e4nder flera kanaler f\u00f6r att visa upp v\u00e5ra fastigheter, men du hittar alltid de b\u00e4sta priserna och villkoren p\u00e5 v\u00e5r webbplats.<\/p>\n<p>Vi vill att v\u00e5ra kunder ska k\u00e4nna sig st\u00f6ttade, informerade och v\u00e4l bem\u00f6tta \u200b\u200bfr\u00e5n f\u00f6rsta kontakten s\u00e5 att vi kan bygga en relation pr\u00e4glad av \u00f6msesidigt f\u00f6rtroende.[\/vc_column_text][vc_separator css=&#8221;&#8221;][vc_column_text css=&#8221;.vc_custom_1748074596195{margin-bottom: 20px !important;}&#8221;]<\/p>\n<p style=\"font-size: 16px; font-weight: bold;\">Kontaktinformation<\/p>\n<p>[\/vc_column_text]<div class=\"uavc-list-icon uavc-list-icon-wrapper ult-adjust-bottom-margin   ultimate_icon_list  ultimate_icon_list\"><ul class=\"uavc-list\"><li><div class=\"uavc-list-content\" id=\"list-icon-wrap-4568\">\n<div class=\"uavc-list-icon  \" data-animation=\"\" data-animation-delay=\"03\" style=\"margin-right:10px;\"><div class=\"ult-just-icon-wrapper   just_icon\"><div class=\"align-icon\" style=\"text-align:center;\">\n<div class=\"aio-icon none \"  style=\"color:#333333;font-size:20px;display:inline-block;\">\n\t<i class=\"Defaults-envelope-o\"><\/i>\n<\/div><\/div><\/div>\n<\/div><span  data-ultimate-target='#list-icon-wrap-4568 .uavc-list-desc'  data-responsive-json-new='{\"font-size\":\"\",\"line-height\":\"\"}'  class=\"uavc-list-desc ult-responsive\" style=\"\">info@licahomes.com<\/p>\n<p><\/span><\/div><\/li><li><div class=\"uavc-list-content\" id=\"list-icon-wrap-8216\">\n<div class=\"uavc-list-icon  \" data-animation=\"\" data-animation-delay=\"03\" style=\"margin-right:10px;\"><div class=\"ult-just-icon-wrapper   just_icon\"><div class=\"align-icon\" style=\"text-align:center;\">\n<div class=\"aio-icon none \"  style=\"color:#333333;font-size:20px;display:inline-block;\">\n\t<i class=\"Defaults-phone\"><\/i>\n<\/div><\/div><\/div>\n<\/div><span  data-ultimate-target='#list-icon-wrap-8216 .uavc-list-desc'  data-responsive-json-new='{\"font-size\":\"\",\"line-height\":\"\"}'  class=\"uavc-list-desc ult-responsive\" style=\"\">+34 951748480<\/p>\n<p><\/span><\/div><\/li><\/ul><\/div>[\/vc_column][vc_column width=&#8221;1\/2&#8243;][vc_column_text css=&#8221;.vc_custom_1748074546264{margin-bottom: 20px !important;}&#8221;]<\/p>\n<p style=\"font-size: 16px; font-weight: bold;\">Skicka ett meddelande till oss<\/p>\n<p>Vi finns h\u00e4r f\u00f6r att hj\u00e4lpa dig. Fyll i formul\u00e4ret s\u00e5 kontaktar vi dig s\u00e5 snart som m\u00f6jligt.<br \/>\n[\/vc_column_text]\n<div class=\"wpcf7 no-js\" id=\"wpcf7-f37201-o1\" lang=\"es-ES\" dir=\"ltr\" data-wpcf7-id=\"37201\">\n<div class=\"screen-reader-response\"><p role=\"status\" aria-live=\"polite\" aria-atomic=\"true\"><\/p> <ul><\/ul><\/div>\n<form action=\"\/sv\/wp-json\/wp\/v2\/pages\/37226#wpcf7-f37201-o1\" method=\"post\" class=\"wpcf7-form init\" aria-label=\"Formulario de contacto\" novalidate=\"novalidate\" data-status=\"init\">\n<fieldset class=\"hidden-fields-container\"><input type=\"hidden\" name=\"_wpcf7\" value=\"37201\" \/><input type=\"hidden\" name=\"_wpcf7_version\" value=\"6.1.5\" \/><input type=\"hidden\" name=\"_wpcf7_locale\" value=\"es_ES\" \/><input type=\"hidden\" name=\"_wpcf7_unit_tag\" value=\"wpcf7-f37201-o1\" \/><input type=\"hidden\" name=\"_wpcf7_container_post\" value=\"0\" \/><input type=\"hidden\" name=\"_wpcf7_posted_data_hash\" value=\"\" \/>\n<\/fieldset>\n<p><label> Namn<br \/>\n<span class=\"wpcf7-form-control-wrap\" data-name=\"your-name\"><input size=\"40\" maxlength=\"400\" class=\"wpcf7-form-control wpcf7-text wpcf7-validates-as-required\" autocomplete=\"name\" aria-required=\"true\" aria-invalid=\"false\" value=\"\" type=\"text\" name=\"your-name\" \/><\/span> <\/label>\n<\/p>\n<p><label> E-post<br \/>\n<span class=\"wpcf7-form-control-wrap\" data-name=\"your-email\"><input size=\"40\" maxlength=\"400\" class=\"wpcf7-form-control wpcf7-email wpcf7-validates-as-required wpcf7-text wpcf7-validates-as-email\" autocomplete=\"email\" aria-required=\"true\" aria-invalid=\"false\" value=\"\" type=\"email\" name=\"your-email\" \/><\/span> <\/label>\n<\/p>\n<p><label> \u00c4mnesrad<br \/>\n<span class=\"wpcf7-form-control-wrap\" data-name=\"your-subject\"><input size=\"40\" maxlength=\"400\" class=\"wpcf7-form-control wpcf7-text wpcf7-validates-as-required\" aria-required=\"true\" aria-invalid=\"false\" value=\"\" type=\"text\" name=\"your-subject\" \/><\/span> <\/label>\n<\/p>\n<p><label> Meddelande<br \/>\n<span class=\"wpcf7-form-control-wrap\" data-name=\"your-message\"><textarea cols=\"40\" rows=\"10\" maxlength=\"2000\" class=\"wpcf7-form-control wpcf7-textarea\" aria-invalid=\"false\" name=\"your-message\"><\/textarea><\/span> <\/label>\n<\/p>\n<p><input class=\"wpcf7-form-control wpcf7-submit has-spinner\" type=\"submit\" value=\"Skicka\" \/>\n<\/p><div class=\"wpcf7-response-output\" aria-hidden=\"true\"><\/div>\n<\/form>\n<\/div>\n[\/vc_column][\/vc_row]<\/p>\n<\/div>","protected":false},"excerpt":{"rendered":"<p>[vc_row css=&#8221;.vc_custom_1749668355639{margin-top: -110px !important;}&#8221;][vc_column css=&#8221;.vc_custom_1749668399840{margin-top: -40px !important;margin-bottom: 70px !important;}&#8221;][vc_btn title=&#8221;G\u00d6R DIN BOKNING&#8221; color=&#8221;info&#8221; align=&#8221;center&#8221; css=&#8221;&#8221; link=&#8221;url:https%3A%2F%2Flicahomes.com%2Fsv%2Freserv%2F&#8221; el_class=&#8221;book_button&#8221;][\/vc_column][\/vc_row][vc_row][vc_column][vc_column_text css=&#8221;.vc_custom_1748074517148{padding-bottom: 10px !important;}&#8221; el_class=&#8221;frontheading&#8221;] Din egendom, i de b\u00e4sta h\u00e4nderna [\/vc_column_text][\/vc_column][\/vc_row][vc_row][vc_column width=&#8221;1\/2&#8243;][vc_column_text css=&#8221;&#8221;]P\u00e5 Lica Homes har vi i \u00f6ver 18 \u00e5r hj\u00e4lpt hus\u00e4gare som du att g\u00f6ra sina hem p\u00e5 Costa del Sol l\u00f6nsamma med fullst\u00e4ndig sinnesro. Vi &#8230;<\/p>\n","protected":false},"author":1,"featured_media":0,"parent":0,"menu_order":0,"comment_status":"open","ping_status":"open","template":"","meta":{"inline_featured_image":false,"footnotes":""},"class_list":["post-37226","page","type-page","status-publish","hentry"],"_links":{"self":[{"href":"https:\/\/licahomes.com\/sv\/wp-json\/wp\/v2\/pages\/37226","targetHints":{"allow":["GET"]}}],"collection":[{"href":"https:\/\/licahomes.com\/sv\/wp-json\/wp\/v2\/pages"}],"about":[{"href":"https:\/\/licahomes.com\/sv\/wp-json\/wp\/v2\/types\/page"}],"author":[{"embeddable":true,"href":"https:\/\/licahomes.com\/sv\/wp-json\/wp\/v2\/users\/1"}],"replies":[{"embeddable":true,"href":"https:\/\/licahomes.com\/sv\/wp-json\/wp\/v2\/comments?post=37226"}],"version-history":[{"count":16,"href":"https:\/\/licahomes.com\/sv\/wp-json\/wp\/v2\/pages\/37226\/revisions"}],"predecessor-version":[{"id":37383,"href":"https:\/\/licahomes.com\/sv\/wp-json\/wp\/v2\/pages\/37226\/revisions\/37383"}],"wp:attachment":[{"href":"https:\/\/licahomes.com\/sv\/wp-json\/wp\/v2\/media?parent=37226"}],"curies":[{"name":"wp","href":"https:\/\/api.w.org\/{rel}","templated":true}]}}