{"id":254,"date":"2015-04-21T13:28:29","date_gmt":"2015-04-21T13:28:29","guid":{"rendered":"http:\/\/demo1.wprentals.org\/?page_id=254"},"modified":"2025-06-10T21:07:34","modified_gmt":"2025-06-10T19:07:34","slug":"kontakt","status":"publish","type":"page","link":"https:\/\/licahomes.com\/sv\/kontakt\/","title":{"rendered":"Kontakt"},"content":{"rendered":"<div class=\"wpb-content-wrapper\"><p>[vc_row][vc_column][vc_column_text css=&#8221;.vc_custom_1748074219995{padding-bottom: 10px !important;}&#8221; el_class=&#8221;frontheading&#8221;]<\/p>\n<h2 style=\"text-align: center; font-size: 32px;\">H\u00f6rs senare?<br \/>\nVi finns h\u00e4r f\u00f6r att hj\u00e4lpa dig<\/h2>\n<p>[\/vc_column_text][\/vc_column][\/vc_row][vc_row][vc_column width=&#8221;1\/2&#8243;][vc_column_text css=&#8221;&#8221;]Har du n\u00e5gra fr\u00e5gor om n\u00e5gon av v\u00e5ra fastigheter? Beh\u00f6ver du hj\u00e4lp med att hitta det perfekta boendet f\u00f6r din semester p\u00e5 Costa del Sol? P\u00e5 Lica Homes hj\u00e4lper vi dig g\u00e4rna.<\/p>\n<p>V\u00e5rt team erbjuder dig personlig service s\u00e5 att din upplevelse fr\u00e5n f\u00f6rsta kontakten \u00e4r tydlig, enkel och problemfri. Oavsett om du vill kontrollera tillg\u00e4nglighet, l\u00f6sa ett problem eller beg\u00e4ra en rekommendation kan du skriva eller ringa oss med fullst\u00e4ndigt f\u00f6rtroende.<\/p>\n<p>Fyll i formul\u00e4ret, ring oss eller skicka ett e-postmeddelande. Vi svarar s\u00e5 snart som m\u00f6jligt s\u00e5 att du kan planera din vistelse med sinnesro.<\/p>\n<p>Lica Homes. Ditt n\u00e4sta hem i Marbella b\u00f6rjar h\u00e4r.<br \/>\n[\/vc_column_text][vc_separator css=&#8221;&#8221;][vc_column_text css=&#8221;.vc_custom_1748074277869{margin-bottom: 20px !important;}&#8221;]<\/p>\n<p style=\"font-size: 16px; font-weight: bold;\">Kontaktinformation<\/p>\n<p>[\/vc_column_text]<div class=\"uavc-list-icon uavc-list-icon-wrapper ult-adjust-bottom-margin   ultimate_icon_list  ultimate_icon_list\"><ul class=\"uavc-list\"><li><div class=\"uavc-list-content\" id=\"list-icon-wrap-5075\">\n<div class=\"uavc-list-icon  \" data-animation=\"\" data-animation-delay=\"03\" style=\"margin-right:10px;\"><div class=\"ult-just-icon-wrapper   just_icon\"><div class=\"align-icon\" style=\"text-align:center;\">\n<div class=\"aio-icon none \"  style=\"color:#333333;font-size:20px;display:inline-block;\">\n\t<i class=\"Defaults-envelope-o\"><\/i>\n<\/div><\/div><\/div>\n<\/div><span  data-ultimate-target='#list-icon-wrap-5075 .uavc-list-desc'  data-responsive-json-new='{\"font-size\":\"\",\"line-height\":\"\"}'  class=\"uavc-list-desc ult-responsive\" style=\"\">info@licahomes.com<\/p>\n<p><\/span><\/div><\/li><li><div class=\"uavc-list-content\" id=\"list-icon-wrap-2193\">\n<div class=\"uavc-list-icon  \" data-animation=\"\" data-animation-delay=\"03\" style=\"margin-right:10px;\"><div class=\"ult-just-icon-wrapper   just_icon\"><div class=\"align-icon\" style=\"text-align:center;\">\n<div class=\"aio-icon none \"  style=\"color:#333333;font-size:20px;display:inline-block;\">\n\t<i class=\"Defaults-phone\"><\/i>\n<\/div><\/div><\/div>\n<\/div><span  data-ultimate-target='#list-icon-wrap-2193 .uavc-list-desc'  data-responsive-json-new='{\"font-size\":\"\",\"line-height\":\"\"}'  class=\"uavc-list-desc ult-responsive\" style=\"\">+34 951748480<\/p>\n<p><\/span><\/div><\/li><\/ul><\/div>[\/vc_column][vc_column width=&#8221;1\/2&#8243;]\n<div class=\"wpcf7 no-js\" id=\"wpcf7-f37201-o1\" lang=\"es-ES\" dir=\"ltr\" data-wpcf7-id=\"37201\">\n<div class=\"screen-reader-response\"><p role=\"status\" aria-live=\"polite\" aria-atomic=\"true\"><\/p> <ul><\/ul><\/div>\n<form action=\"\/sv\/wp-json\/wp\/v2\/pages\/254#wpcf7-f37201-o1\" method=\"post\" class=\"wpcf7-form init\" aria-label=\"Formulario de contacto\" novalidate=\"novalidate\" data-status=\"init\">\n<fieldset class=\"hidden-fields-container\"><input type=\"hidden\" name=\"_wpcf7\" value=\"37201\" \/><input type=\"hidden\" name=\"_wpcf7_version\" value=\"6.1.5\" \/><input type=\"hidden\" name=\"_wpcf7_locale\" value=\"es_ES\" \/><input type=\"hidden\" name=\"_wpcf7_unit_tag\" value=\"wpcf7-f37201-o1\" \/><input type=\"hidden\" name=\"_wpcf7_container_post\" value=\"0\" \/><input type=\"hidden\" name=\"_wpcf7_posted_data_hash\" value=\"\" \/>\n<\/fieldset>\n<p><label> Namn<br \/>\n<span class=\"wpcf7-form-control-wrap\" data-name=\"your-name\"><input size=\"40\" maxlength=\"400\" class=\"wpcf7-form-control wpcf7-text wpcf7-validates-as-required\" autocomplete=\"name\" aria-required=\"true\" aria-invalid=\"false\" value=\"\" type=\"text\" name=\"your-name\" \/><\/span> <\/label>\n<\/p>\n<p><label> E-post<br \/>\n<span class=\"wpcf7-form-control-wrap\" data-name=\"your-email\"><input size=\"40\" maxlength=\"400\" class=\"wpcf7-form-control wpcf7-email wpcf7-validates-as-required wpcf7-text wpcf7-validates-as-email\" autocomplete=\"email\" aria-required=\"true\" aria-invalid=\"false\" value=\"\" type=\"email\" name=\"your-email\" \/><\/span> <\/label>\n<\/p>\n<p><label> \u00c4mnesrad<br \/>\n<span class=\"wpcf7-form-control-wrap\" data-name=\"your-subject\"><input size=\"40\" maxlength=\"400\" class=\"wpcf7-form-control wpcf7-text wpcf7-validates-as-required\" aria-required=\"true\" aria-invalid=\"false\" value=\"\" type=\"text\" name=\"your-subject\" \/><\/span> <\/label>\n<\/p>\n<p><label> Meddelande<br \/>\n<span class=\"wpcf7-form-control-wrap\" data-name=\"your-message\"><textarea cols=\"40\" rows=\"10\" maxlength=\"2000\" class=\"wpcf7-form-control wpcf7-textarea\" aria-invalid=\"false\" name=\"your-message\"><\/textarea><\/span> <\/label>\n<\/p>\n<p><input class=\"wpcf7-form-control wpcf7-submit has-spinner\" type=\"submit\" value=\"Skicka\" \/>\n<\/p><div class=\"wpcf7-response-output\" aria-hidden=\"true\"><\/div>\n<\/form>\n<\/div>\n[\/vc_column][\/vc_row]<\/p>\n<\/div>","protected":false},"excerpt":{"rendered":"<p>[vc_row][vc_column][vc_column_text css=&#8221;.vc_custom_1748074219995{padding-bottom: 10px !important;}&#8221; el_class=&#8221;frontheading&#8221;] H\u00f6rs senare? Vi finns h\u00e4r f\u00f6r att hj\u00e4lpa dig [\/vc_column_text][\/vc_column][\/vc_row][vc_row][vc_column width=&#8221;1\/2&#8243;][vc_column_text css=&#8221;&#8221;]Har du n\u00e5gra fr\u00e5gor om n\u00e5gon av v\u00e5ra fastigheter? Beh\u00f6ver du hj\u00e4lp med att hitta det perfekta boendet f\u00f6r din semester p\u00e5 Costa del Sol? P\u00e5 Lica Homes hj\u00e4lper vi dig g\u00e4rna. V\u00e5rt team erbjuder dig personlig service s\u00e5 &#8230;<\/p>\n","protected":false},"author":1,"featured_media":0,"parent":0,"menu_order":0,"comment_status":"open","ping_status":"open","template":"","meta":{"inline_featured_image":false,"footnotes":""},"class_list":["post-254","page","type-page","status-publish","hentry"],"_links":{"self":[{"href":"https:\/\/licahomes.com\/sv\/wp-json\/wp\/v2\/pages\/254","targetHints":{"allow":["GET"]}}],"collection":[{"href":"https:\/\/licahomes.com\/sv\/wp-json\/wp\/v2\/pages"}],"about":[{"href":"https:\/\/licahomes.com\/sv\/wp-json\/wp\/v2\/types\/page"}],"author":[{"embeddable":true,"href":"https:\/\/licahomes.com\/sv\/wp-json\/wp\/v2\/users\/1"}],"replies":[{"embeddable":true,"href":"https:\/\/licahomes.com\/sv\/wp-json\/wp\/v2\/comments?post=254"}],"version-history":[{"count":10,"href":"https:\/\/licahomes.com\/sv\/wp-json\/wp\/v2\/pages\/254\/revisions"}],"predecessor-version":[{"id":37364,"href":"https:\/\/licahomes.com\/sv\/wp-json\/wp\/v2\/pages\/254\/revisions\/37364"}],"wp:attachment":[{"href":"https:\/\/licahomes.com\/sv\/wp-json\/wp\/v2\/media?parent=254"}],"curies":[{"name":"wp","href":"https:\/\/api.w.org\/{rel}","templated":true}]}}