{"id":1193,"date":"2015-07-02T10:15:59","date_gmt":"2015-07-02T10:15:59","guid":{"rendered":"http:\/\/wprentals.org\/?page_id=1193"},"modified":"2025-11-13T20:43:31","modified_gmt":"2025-11-13T19:43:31","slug":"inicio","status":"publish","type":"page","link":"https:\/\/licahomes.com\/sv\/","title":{"rendered":"Hem"},"content":{"rendered":"<div class=\"wpb-content-wrapper\"><p>[vc_section css=&#8221;.vc_custom_1746749535415{background-color: #FFFFFF00 !important;}&#8221;][vc_row][vc_column offset=&#8221;vc_hidden-lg vc_hidden-md vc_hidden-sm&#8221;][vc_btn title=&#8221;G\u00d6R DIN BOKNING&#8221; color=&#8221;info&#8221; align=&#8221;center&#8221; css=&#8221;.vc_custom_1749668522639{margin-top: -110px !important;margin-bottom: 0px !important;}&#8221; link=&#8221;url:https%3A%2F%2Flicahomes.com%2Fsv%2Freserv%2F%20&#8243; el_class=&#8221;book_button&#8221;][vc_column_text css=&#8221;.vc_custom_1749668159576{margin-top: 20px !important;padding-bottom: 10px !important;}&#8221; el_class=&#8221;frontheading&#8221;]<\/p>\n<h2 style=\"text-align: center; font-size: 32px;\">Uppt\u00e4ck alla v\u00e5ra semesterbost\u00e4der<br \/>\ni Marbella och Costa del Sol<\/h2>\n<p style=\"text-align: center;\">P\u00e5 Lica Homes v\u00e4lkomnar vi dig till en unik semesterbostadsupplevelse i ett av de mest exklusiva omr\u00e5dena p\u00e5 Costa del Sol. V\u00e5r fastighetsportf\u00f6lj har noggrant valts ut f\u00f6r att erbjuda dig of\u00f6rgl\u00f6mliga vistelser i moderna l\u00e4genheter vid stranden och charmiga hus bel\u00e4gna p\u00e5 de b\u00e4sta platserna i Marbella och dess omgivningar. P\u00e5 Lica Homes har vi den perfekta fastigheten f\u00f6r dig.<\/p>\n<p>[\/vc_column_text][\/vc_column][\/vc_row][vc_row][vc_column offset=&#8221;vc_hidden-xs&#8221;][vc_btn title=&#8221;G\u00d6R DIN BOKNING&#8221; color=&#8221;info&#8221; size=&#8221;lg&#8221; align=&#8221;center&#8221; css=&#8221;.vc_custom_1749668529062{margin-top: -150px !important;margin-bottom: 100px !important;}&#8221; link=&#8221;url:https%3A%2F%2Flicahomes.com%2Fsv%2Freserv%2F%20&#8243; el_class=&#8221;book_button&#8221;][vc_column_text css=&#8221;.vc_custom_1748074319927{padding-bottom: 10px !important;}&#8221; el_class=&#8221;frontheading&#8221;]<\/p>\n<h2 style=\"text-align: center; font-size: 32px;\">Uppt\u00e4ck alla v\u00e5ra semesterbost\u00e4der<br \/>\ni Marbella och Costa del Sol<\/h2>\n<p style=\"text-align: center;\">P\u00e5 Lica Homes v\u00e4lkomnar vi dig till en unik semesterbostadsupplevelse i ett av de mest exklusiva omr\u00e5dena p\u00e5 Costa del Sol. V\u00e5r fastighetsportf\u00f6lj har noggrant valts ut f\u00f6r att erbjuda dig of\u00f6rgl\u00f6mliga vistelser i moderna l\u00e4genheter vid stranden och charmiga hus bel\u00e4gna p\u00e5 de b\u00e4sta platserna i Marbella och dess omgivningar. P\u00e5 Lica Homes har vi den perfekta fastigheten f\u00f6r dig.<\/p>\n<p>[\/vc_column_text][\/vc_column][\/vc_row][vc_row][vc_column width=&#8221;1\/3&#8243;]<div class=\"ult-content-box-container \" >\t<a class=\"ult-content-box-anchor\" href=\"https:\/\/licahomes.com\/sv\/el-rincon-de-narciso\/\" >\t\t<div class=\"ult-content-box\" style=\"background-color:#F2F1EF;box-shadow: 4px 5px 8px 2px #c9c9c9 ;border-style:solid;border-width:0px;border-radius:15px;border-color:#ccc7c7;padding:0px;margin-bottom:35px;-webkit-transition: all 600ms ease;-moz-transition: all 600ms ease;-ms-transition: all 600ms ease;-o-transition: all 600ms ease;transition: all 600ms ease;\"  data-hover_bg_color=\"#F2F1EF\"  data-hover_box_shadow=\" 4px 5px 7px 2px #a5a2a2 \"    data-normal_margins=\"margin-bottom:35px;\"   data-bg=\"#F2F1EF\"  data-border_color=\"#ccc7c7\" >[vc_single_image image=&#8221;37405&#8243; img_size=&#8221;full&#8221; alignment=&#8221;center&#8221; style=&#8221;vc_box_rounded&#8221; onclick=&#8221;custom_link&#8221; css_animation=&#8221;fadeIn&#8221; css=&#8221;.vc_custom_1763063003610{margin-bottom: 20px !important;border-radius: 25px !important;}&#8221; link=&#8221;https:\/\/licahomes.com\/sv\/angies-nest\/&#8221;][vc_custom_heading text=&#8221;Angies nest&#8221; use_theme_fonts=&#8221;yes&#8221; css_animation=&#8221;none&#8221; css=&#8221;.vc_custom_1763062912670{padding-right: 10px !important;padding-left: 10px !important;}&#8221; link=&#8221;url:https%3A%2F%2Flicahomes.com%2Fsv%2Fangies-nest%2F&#8221;][vc_column_text css_animation=&#8221;none&#8221; css=&#8221;.vc_custom_1763062954867{margin-top: 20px !important;margin-bottom: 20px !important;padding-right: 10px !important;padding-left: 10px !important;}&#8221;]Hus renoverat \u00e5r 2024, bel\u00e4get i hj\u00e4rtat av Esteponas gamla stadsdel.[\/vc_column_text][vc_btn title=&#8221;MER INFORMATION&#8221; color=&#8221;info&#8221; size=&#8221;sm&#8221; align=&#8221;left&#8221; i_align=&#8221;right&#8221; i_icon_fontawesome=&#8221;fa fa-solid fa-arrow-right-long&#8221; css=&#8221;&#8221; button_block=&#8221;true&#8221; add_icon=&#8221;true&#8221; link=&#8221;url:https%3A%2F%2Flicahomes.com%2Fsv%2Fangies-nest%2F&#8221;]\t\t<\/div>\t<\/a><\/div>[\/vc_column][vc_column width=&#8221;1\/3&#8243;]<div class=\"ult-content-box-container \" >\t<a class=\"ult-content-box-anchor\" href=\"https:\/\/licahomes.com\/sv\/el-rincon-de-narciso\/\" >\t\t<div class=\"ult-content-box\" style=\"background-color:#F2F1EF;box-shadow: 4px 5px 8px 2px #c9c9c9 ;border-style:solid;border-width:0px;border-radius:15px;border-color:#ccc7c7;padding:0px;margin-bottom:35px;-webkit-transition: all 600ms ease;-moz-transition: all 600ms ease;-ms-transition: all 600ms ease;-o-transition: all 600ms ease;transition: all 600ms ease;\"  data-hover_bg_color=\"#F2F1EF\"  data-hover_box_shadow=\" 4px 5px 7px 2px #a5a2a2 \"    data-normal_margins=\"margin-bottom:35px;\"   data-bg=\"#F2F1EF\"  data-border_color=\"#ccc7c7\" >[vc_single_image image=&#8221;37131&#8243; img_size=&#8221;full&#8221; alignment=&#8221;center&#8221; style=&#8221;vc_box_rounded&#8221; onclick=&#8221;custom_link&#8221; css_animation=&#8221;fadeIn&#8221; css=&#8221;.vc_custom_1746897446915{margin-bottom: 20px !important;border-radius: 25px !important;}&#8221; link=&#8221;https:\/\/licahomes.com\/sv\/bermuda-beachfront-living\/&#8221;][vc_custom_heading text=&#8221;Bermuda Beachfront Living&#8221; use_theme_fonts=&#8221;yes&#8221; css_animation=&#8221;none&#8221; css=&#8221;.vc_custom_1746895970939{padding-right: 10px !important;padding-left: 10px !important;}&#8221; link=&#8221;url:https%3A%2F%2Flicahomes.com\/sv%2Fbermuda-beachfront-living%2F&#8221;][vc_column_text css_animation=&#8221;none&#8221; css=&#8221;.vc_custom_1748073789343{margin-top: 20px !important;margin-bottom: 20px !important;padding-right: 10px !important;padding-left: 10px !important;}&#8221;]L\u00e4genhet med havsutsikt i ett av de lugnaste omr\u00e5dena p\u00e5 Costa del Sol.[\/vc_column_text][vc_btn title=&#8221;MER INFORMATION&#8221; color=&#8221;info&#8221; size=&#8221;sm&#8221; align=&#8221;left&#8221; i_align=&#8221;right&#8221; i_icon_fontawesome=&#8221;fa fa-solid fa-arrow-right-long&#8221; css=&#8221;&#8221; button_block=&#8221;true&#8221; add_icon=&#8221;true&#8221; link=&#8221;url:https%3A%2F%2Flicahomes.com\/sv%2Fbermuda-beachfront-living%2F&#8221;]\t\t<\/div>\t<\/a><\/div>[\/vc_column][vc_column width=&#8221;1\/3&#8243;]<div class=\"ult-content-box-container \" >\t<a class=\"ult-content-box-anchor\" href=\"https:\/\/licahomes.com\/sv\/el-rincon-de-narciso\/\" >\t\t<div class=\"ult-content-box\" style=\"background-color:#F2F1EF;box-shadow: 4px 5px 8px 2px #c9c9c9 ;border-style:solid;border-width:0px;border-radius:15px;border-color:#ccc7c7;padding:0px;margin-bottom:35px;-webkit-transition: all 600ms ease;-moz-transition: all 600ms ease;-ms-transition: all 600ms ease;-o-transition: all 600ms ease;transition: all 600ms ease;\"  data-hover_bg_color=\"#F2F1EF\"  data-hover_box_shadow=\" 4px 5px 7px 2px #a5a2a2 \"    data-normal_margins=\"margin-bottom:35px;\"   data-bg=\"#F2F1EF\"  data-border_color=\"#ccc7c7\" >[vc_single_image image=&#8221;37134&#8243; img_size=&#8221;full&#8221; alignment=&#8221;center&#8221; style=&#8221;vc_box_rounded&#8221; onclick=&#8221;custom_link&#8221; css_animation=&#8221;fadeIn&#8221; css=&#8221;.vc_custom_1746897550277{margin-bottom: 20px !important;border-radius: 25px !important;}&#8221; link=&#8221;https:\/\/licahomes.com\/sv\/suenos-del-sol-banus\/&#8221;][vc_custom_heading text=&#8221;Sue\u00f1os del sol Ban\u00fas&#8221; use_theme_fonts=&#8221;yes&#8221; css_animation=&#8221;none&#8221; css=&#8221;.vc_custom_1746891234296{padding-right: 10px !important;padding-left: 10px !important;}&#8221; link=&#8221;url:https%3A%2F%2Flicahomes.com\/sv%2Fsuenos-del-sol-banus%2F&#8221;][vc_column_text css_animation=&#8221;none&#8221; css=&#8221;.vc_custom_1748073807585{margin-top: 20px !important;margin-bottom: 20px !important;padding-right: 10px !important;padding-left: 10px !important;}&#8221;]L\u00e4genhet bel\u00e4gen i det exklusiva omr\u00e5det Nueva Andaluc\u00eda, 1,9 km fr\u00e5n Puerto Ban\u00fas.[\/vc_column_text][vc_btn title=&#8221;MER INFORMATION&#8221; color=&#8221;info&#8221; size=&#8221;sm&#8221; align=&#8221;left&#8221; i_align=&#8221;right&#8221; i_icon_fontawesome=&#8221;fa fa-solid fa-arrow-right-long&#8221; css=&#8221;&#8221; button_block=&#8221;true&#8221; add_icon=&#8221;true&#8221; link=&#8221;url:https%3A%2F%2Flicahomes.com\/sv%2Fsuenos-del-sol-banus%2F&#8221;]\t\t<\/div>\t<\/a><\/div>[\/vc_column][\/vc_row][vc_row][vc_column width=&#8221;1\/3&#8243;]<div class=\"ult-content-box-container \" >\t<a class=\"ult-content-box-anchor\" href=\"https:\/\/licahomes.com\/sv\/el-rincon-de-narciso\/\" >\t\t<div class=\"ult-content-box\" style=\"background-color:#F2F1EF;box-shadow: 4px 5px 8px 2px #c9c9c9 ;border-style:solid;border-width:0px;border-radius:15px;border-color:#ccc7c7;padding:0px;margin-bottom:35px;-webkit-transition: all 600ms ease;-moz-transition: all 600ms ease;-ms-transition: all 600ms ease;-o-transition: all 600ms ease;transition: all 600ms ease;\"  data-hover_bg_color=\"#F2F1EF\"  data-hover_box_shadow=\" 4px 5px 7px 2px #a5a2a2 \"    data-normal_margins=\"margin-bottom:35px;\"   data-bg=\"#F2F1EF\"  data-border_color=\"#ccc7c7\" >[vc_single_image image=&#8221;37124&#8243; img_size=&#8221;full&#8221; alignment=&#8221;center&#8221; style=&#8221;vc_box_rounded&#8221; onclick=&#8221;custom_link&#8221; css_animation=&#8221;fadeIn&#8221; css=&#8221;.vc_custom_1746897351318{margin-bottom: 20px !important;border-radius: 25px !important;}&#8221; link=&#8221;https:\/\/licahomes.com\/sv\/aloha-serenity-suite\/&#8221;][vc_custom_heading text=&#8221;Aloha Serenity Suite&#8221; use_theme_fonts=&#8221;yes&#8221; css_animation=&#8221;none&#8221; css=&#8221;.vc_custom_1746897588429{padding-right: 10px !important;padding-left: 10px !important;}&#8221; link=&#8221;url:https%3A%2F%2Flicahomes.com\/sv%2Faloha-serenity-suite%2F&#8221;][vc_column_text css_animation=&#8221;none&#8221; css=&#8221;.vc_custom_1748073825332{margin-top: 20px !important;margin-bottom: 20px !important;padding-right: 10px !important;padding-left: 10px !important;}&#8221;]L\u00e4genhet i ett utm\u00e4rkt l\u00e4ge med spektakul\u00e4r utsikt \u00f6ver bergen.[\/vc_column_text][vc_btn title=&#8221;MER INFORMATION&#8221; color=&#8221;info&#8221; size=&#8221;sm&#8221; align=&#8221;left&#8221; i_align=&#8221;right&#8221; i_icon_fontawesome=&#8221;fa fa-solid fa-arrow-right-long&#8221; css=&#8221;&#8221; button_block=&#8221;true&#8221; add_icon=&#8221;true&#8221; link=&#8221;url:https%3A%2F%2Flicahomes.com\/sv%2Faloha-serenity-suite%2F&#8221;]\t\t<\/div>\t<\/a><\/div>[\/vc_column][vc_column width=&#8221;1\/3&#8243;]<div class=\"ult-content-box-container \" >\t<a class=\"ult-content-box-anchor\" href=\"https:\/\/licahomes.com\/sv\/el-rincon-de-narciso\/\" >\t\t<div class=\"ult-content-box\" style=\"background-color:#F2F1EF;box-shadow: 4px 5px 8px 2px #c9c9c9 ;border-style:solid;border-width:0px;border-radius:15px;border-color:#ccc7c7;padding:0px;margin-bottom:35px;-webkit-transition: all 600ms ease;-moz-transition: all 600ms ease;-ms-transition: all 600ms ease;-o-transition: all 600ms ease;transition: all 600ms ease;\"  data-hover_bg_color=\"#F2F1EF\"  data-hover_box_shadow=\" 4px 5px 7px 2px #a5a2a2 \"    data-normal_margins=\"margin-bottom:35px;\"   data-bg=\"#F2F1EF\"  data-border_color=\"#ccc7c7\" >[vc_single_image image=&#8221;37366&#8243; img_size=&#8221;full&#8221; alignment=&#8221;center&#8221; style=&#8221;vc_box_rounded&#8221; onclick=&#8221;custom_link&#8221; css_animation=&#8221;fadeIn&#8221; css=&#8221;.vc_custom_1749660494728{margin-bottom: 20px !important;border-radius: 25px !important;}&#8221; link=&#8221;https:\/\/licahomes.com\/sv\/vanian-village-dream-getaway\/&#8221;][vc_custom_heading text=&#8221;Vanian Village Dream Getaway&#8221; use_theme_fonts=&#8221;yes&#8221; css_animation=&#8221;none&#8221; css=&#8221;.vc_custom_1746897725304{padding-right: 10px !important;padding-left: 10px !important;}&#8221; link=&#8221;url:https%3A%2F%2Flicahomes.com\/sv%2Fvanian-village-dream-getaway%2F&#8221;][vc_column_text css_animation=&#8221;none&#8221; css=&#8221;.vc_custom_1748073883964{margin-top: 20px !important;margin-bottom: 20px !important;padding-right: 10px !important;padding-left: 10px !important;}&#8221;]Elegant l\u00e4genhet p\u00e5 bottenv\u00e5ningen p\u00e5 130 m\u00b2, perfekt f\u00f6r en lugn semester.<br \/>\n[\/vc_column_text][vc_btn title=&#8221;MER INFORMATION&#8221; color=&#8221;info&#8221; size=&#8221;sm&#8221; align=&#8221;left&#8221; i_align=&#8221;right&#8221; i_icon_fontawesome=&#8221;fa fa-solid fa-arrow-right-long&#8221; css=&#8221;&#8221; button_block=&#8221;true&#8221; add_icon=&#8221;true&#8221; link=&#8221;url:https%3A%2F%2Flicahomes.com\/sv%2Fvanian-village-dream-getaway%2F&#8221;]\t\t<\/div>\t<\/a><\/div>[\/vc_column][vc_column width=&#8221;1\/3&#8243;]<div class=\"ult-content-box-container \" >\t<a class=\"ult-content-box-anchor\" href=\"https:\/\/licahomes.com\/sv\/el-rincon-de-narciso\/\" >\t\t<div class=\"ult-content-box\" style=\"background-color:#F2F1EF;box-shadow: 4px 5px 8px 2px #c9c9c9 ;border-style:solid;border-width:0px;border-radius:15px;border-color:#ccc7c7;padding:0px;margin-bottom:35px;-webkit-transition: all 600ms ease;-moz-transition: all 600ms ease;-ms-transition: all 600ms ease;-o-transition: all 600ms ease;transition: all 600ms ease;\"  data-hover_bg_color=\"#F2F1EF\"  data-hover_box_shadow=\" 4px 5px 7px 2px #a5a2a2 \"    data-normal_margins=\"margin-bottom:35px;\"   data-bg=\"#F2F1EF\"  data-border_color=\"#ccc7c7\" >[vc_single_image image=&#8221;37141&#8243; img_size=&#8221;full&#8221; alignment=&#8221;center&#8221; style=&#8221;vc_box_rounded&#8221; onclick=&#8221;custom_link&#8221; css_animation=&#8221;fadeIn&#8221; css=&#8221;.vc_custom_1746897964206{margin-bottom: 20px !important;border-radius: 25px !important;}&#8221; link=&#8221;https:\/\/licahomes.com\/sv\/guadalmina-dreamscape\/&#8221;][vc_custom_heading text=&#8221;Guadalmina Dreamscape&#8221; use_theme_fonts=&#8221;yes&#8221; css_animation=&#8221;none&#8221; css=&#8221;.vc_custom_1746897863045{padding-right: 10px !important;padding-left: 10px !important;}&#8221; link=&#8221;url:https%3A%2F%2Flicahomes.com\/sv%2Fguadalmina-dreamscape%2F&#8221;][vc_column_text css_animation=&#8221;none&#8221; css=&#8221;.vc_custom_1748073873423{margin-top: 20px !important;margin-bottom: 20px !important;padding-right: 10px !important;padding-left: 10px !important;}&#8221;]Guadalmina Alta, rymliga utrymmen, naturligt ljus och noggranna ytbehandlingar.[\/vc_column_text][vc_btn title=&#8221;MER INFORMATION&#8221; color=&#8221;info&#8221; size=&#8221;sm&#8221; align=&#8221;left&#8221; i_align=&#8221;right&#8221; i_icon_fontawesome=&#8221;fa fa-solid fa-arrow-right-long&#8221; css=&#8221;&#8221; button_block=&#8221;true&#8221; add_icon=&#8221;true&#8221; link=&#8221;url:https%3A%2F%2Flicahomes.com\/sv%2Fguadalmina-dreamscape%2F&#8221;]\t\t<\/div>\t<\/a><\/div>[\/vc_column][\/vc_row][vc_row][vc_column][vc_cta h2=&#8221;Alla v\u00e5ra boenden&#8221; add_button=&#8221;right&#8221; btn_title=&#8221;Se alla boenden&#8221; btn_style=&#8221;classic&#8221; btn_color=&#8221;info&#8221; btn_align=&#8221;right&#8221; btn_i_align=&#8221;right&#8221; btn_i_icon_fontawesome=&#8221;fa fa-solid fa-arrow-right&#8221; css=&#8221;&#8221; btn_add_icon=&#8221;true&#8221; btn_link=&#8221;url:https%3A%2F%2Flicahomes.com%2Fsv%2Fsemesterboenden%2F&#8221;]Uppt\u00e4ck v\u00e5rt kompletta utbud av semesterbost\u00e4der. Charmiga hus, l\u00e4genheter med utsikt och mycket mer v\u00e4ntar dig. Hitta den perfekta platsen f\u00f6r din n\u00e4sta semester.<\/p>\n<p>[\/vc_cta][\/vc_column][\/vc_row][\/vc_section][vc_row full_width=&#8221;stretch_row&#8221; css=&#8221;.vc_custom_1746954415682{margin-top: 20px !important;margin-bottom: 20px !important;padding-top: 65px !important;padding-bottom: 90px !important;background: #FFFFFF url(https:\/\/licahomes.com\/sv\/wp-content\/uploads\/sites\/4\/2023\/03\/back_webp-18-2-4.webp?id=36462) !important;}&#8221;][vc_column][vc_column_text css=&#8221;&#8221;]<\/p>\n<h3 style=\"text-align: center; font-size: 32px; color: #fff;\">Din n\u00e4sta semester v\u00e4ntar p\u00e5 dig.<br \/>\nBoka nu och f\u00e5 en unik upplevelse.<\/h3>\n<p>[\/vc_column_text][vc_btn title=&#8221;G\u00d6R DIN BOKNING&#8221; color=&#8221;info&#8221; size=&#8221;lg&#8221; align=&#8221;center&#8221; css=&#8221;&#8221; link=&#8221;url:https%3A%2F%2Flicahomes.com%2Fsv%2Fegenskaper%2F&#8221;][\/vc_column][\/vc_row][vc_row][vc_column][vc_column_text css=&#8221;.vc_custom_1748074048063{padding-bottom: 10px !important;}&#8221; el_class=&#8221;frontheading&#8221;]<\/p>\n<h2 style=\"text-align: center; font-size: 32px;\">Vad hittar du i v\u00e5ra fastigheter?<\/h2>\n<p style=\"text-align: center;\">Rymliga utrymmen, elegant inredning, soliga terrasser och alla bekv\u00e4mligheter du beh\u00f6ver f\u00f6r att koppla av. M\u00e5nga av v\u00e5ra semesterhus \u00e4r utrustade med privat pool, tr\u00e4dg\u00e5rd, grillplats, luftkonditionering, h\u00f6ghastighets-Wi-Fi, parkering och naturligtvis ett privilegierat l\u00e4ge bara n\u00e5gra minuter fr\u00e5n de mest ber\u00f6mda str\u00e4nderna i Marbella, Puerto Ban\u00fas och Golden Mile.<\/p>\n<p>[\/vc_column_text][\/vc_column][\/vc_row][vc_row full_width=&#8221;stretch_row&#8221;][vc_column]<div id=\"ult-carousel-148739624569e159d9562c4\" class=\"ult-carousel-wrapper  ultimate_carousel  ult_horizontal\" data-gutter=\"25\" data-rtl=\"false\" ><div class=\"ult-carousel-272203595469e159d955f6e \" >[vc_single_image image=&#8221;37131&#8243; img_size=&#8221;full&#8221; alignment=&#8221;center&#8221; style=&#8221;vc_box_rounded&#8221; onclick=&#8221;link_image&#8221; css_animation=&#8221;fadeIn&#8221; css=&#8221;.vc_custom_1746904218053{border-radius: 25px !important;}&#8221;][vc_single_image image=&#8221;37127&#8243; img_size=&#8221;full&#8221; alignment=&#8221;center&#8221; style=&#8221;vc_box_rounded&#8221; onclick=&#8221;link_image&#8221; css_animation=&#8221;fadeIn&#8221; css=&#8221;.vc_custom_1746904242116{border-radius: 25px !important;}&#8221;][vc_single_image image=&#8221;37134&#8243; img_size=&#8221;full&#8221; alignment=&#8221;center&#8221; style=&#8221;vc_box_rounded&#8221; onclick=&#8221;link_image&#8221; css_animation=&#8221;fadeIn&#8221; css=&#8221;.vc_custom_1746904281708{border-radius: 25px !important;}&#8221;][vc_single_image image=&#8221;37152&#8243; img_size=&#8221;full&#8221; alignment=&#8221;center&#8221; style=&#8221;vc_box_rounded&#8221; onclick=&#8221;link_image&#8221; css_animation=&#8221;fadeIn&#8221; css=&#8221;.vc_custom_1746904313491{border-radius: 25px !important;}&#8221;][vc_single_image image=&#8221;37154&#8243; img_size=&#8221;full&#8221; alignment=&#8221;center&#8221; style=&#8221;vc_box_rounded&#8221; onclick=&#8221;link_image&#8221; css_animation=&#8221;fadeIn&#8221; css=&#8221;.vc_custom_1746904467500{border-radius: 25px !important;}&#8221;]<\/div><\/div>\t\t\t<script type=\"text\/javascript\">\n\t\t\t\tjQuery(document).ready(function ($) {\n\t\t\t\t\tif( typeof jQuery('.ult-carousel-272203595469e159d955f6e').slick == \"function\"){\n\t\t\t\t\t\t$('.ult-carousel-272203595469e159d955f6e').slick({dots: false,autoplay: true,autoplaySpeed: \"5000\",speed: \"300\",infinite: true,arrows: false,slidesToScroll:3,slidesToShow:3,swipe: true,draggable: true,touchMove: true,pauseOnHover: true,pauseOnFocus: false,responsive: [\n\t\t\t\t\t\t\t{\n\t\t\t\t\t\t\t  breakpoint: 1026,\n\t\t\t\t\t\t\t  settings: {\n\t\t\t\t\t\t\t\tslidesToShow: 3,\n\t\t\t\t\t\t\t\tslidesToScroll: 3,  \n\t\t\t\t\t\t\t  }\n\t\t\t\t\t\t\t},\n\t\t\t\t\t\t\t{\n\t\t\t\t\t\t\t  breakpoint: 1025,\n\t\t\t\t\t\t\t  settings: {\n\t\t\t\t\t\t\t\tslidesToShow: 2,\n\t\t\t\t\t\t\t\tslidesToScroll: 2\n\t\t\t\t\t\t\t  }\n\t\t\t\t\t\t\t},\n\t\t\t\t\t\t\t{\n\t\t\t\t\t\t\t  breakpoint: 760,\n\t\t\t\t\t\t\t  settings: {\n\t\t\t\t\t\t\t\tslidesToShow: 1,\n\t\t\t\t\t\t\t\tslidesToScroll: 1\n\t\t\t\t\t\t\t  }\n\t\t\t\t\t\t\t}\n\t\t\t\t\t\t],pauseOnDotsHover: true,customPaging: function(slider, i) {\n                   return '<i type=\"button\" style= \"color:#333333;\" class=\"ultsl-record\" data-role=\"none\"><\/i>';\n                },});\n\t\t\t\t\t}\n\t\t\t\t});\n\t\t\t<\/script>\n\t\t\t[\/vc_column][\/vc_row]<\/p>\n<\/div>","protected":false},"excerpt":{"rendered":"<p>[vc_section css=&#8221;.vc_custom_1746749535415{background-color: #FFFFFF00 !important;}&#8221;][vc_row][vc_column offset=&#8221;vc_hidden-lg vc_hidden-md vc_hidden-sm&#8221;][vc_btn title=&#8221;G\u00d6R DIN BOKNING&#8221; color=&#8221;info&#8221; align=&#8221;center&#8221; css=&#8221;.vc_custom_1749668522639{margin-top: -110px !important;margin-bottom: 0px !important;}&#8221; link=&#8221;url:https%3A%2F%2Flicahomes.com%2Fsv%2Freserv%2F%20&#8243; el_class=&#8221;book_button&#8221;][vc_column_text css=&#8221;.vc_custom_1749668159576{margin-top: 20px !important;padding-bottom: 10px !important;}&#8221; el_class=&#8221;frontheading&#8221;] Uppt\u00e4ck alla v\u00e5ra semesterbost\u00e4der i Marbella och Costa del Sol P\u00e5 Lica Homes v\u00e4lkomnar vi dig till en unik semesterbostadsupplevelse i ett av de mest exklusiva omr\u00e5dena p\u00e5 Costa del &#8230;<\/p>\n","protected":false},"author":1,"featured_media":0,"parent":0,"menu_order":0,"comment_status":"open","ping_status":"closed","template":"","meta":{"inline_featured_image":false,"footnotes":""},"class_list":["post-1193","page","type-page","status-publish","hentry"],"_links":{"self":[{"href":"https:\/\/licahomes.com\/sv\/wp-json\/wp\/v2\/pages\/1193","targetHints":{"allow":["GET"]}}],"collection":[{"href":"https:\/\/licahomes.com\/sv\/wp-json\/wp\/v2\/pages"}],"about":[{"href":"https:\/\/licahomes.com\/sv\/wp-json\/wp\/v2\/types\/page"}],"author":[{"embeddable":true,"href":"https:\/\/licahomes.com\/sv\/wp-json\/wp\/v2\/users\/1"}],"replies":[{"embeddable":true,"href":"https:\/\/licahomes.com\/sv\/wp-json\/wp\/v2\/comments?post=1193"}],"version-history":[{"count":181,"href":"https:\/\/licahomes.com\/sv\/wp-json\/wp\/v2\/pages\/1193\/revisions"}],"predecessor-version":[{"id":37471,"href":"https:\/\/licahomes.com\/sv\/wp-json\/wp\/v2\/pages\/1193\/revisions\/37471"}],"wp:attachment":[{"href":"https:\/\/licahomes.com\/sv\/wp-json\/wp\/v2\/media?parent=1193"}],"curies":[{"name":"wp","href":"https:\/\/api.w.org\/{rel}","templated":true}]}}