{"id":37563,"date":"2026-01-18T19:35:06","date_gmt":"2026-01-18T18:35:06","guid":{"rendered":"https:\/\/licahomes.com\/fr\/?page_id=37563"},"modified":"2026-01-18T19:56:18","modified_gmt":"2026-01-18T18:56:18","slug":"locations-saisonnieres","status":"publish","type":"page","link":"https:\/\/licahomes.com\/fr\/locations-saisonnieres\/","title":{"rendered":"Locations Saisonni\u00e8res"},"content":{"rendered":"<div class=\"wpb-content-wrapper\"><p>[vc_row][vc_column][vc_column_text css=\u00a0\u00bb\u00a0\u00bb]<\/p>\n<h2 style=\"text-align: center; font-size: 32px;\">Location saisonni\u00e8re sur la Costa del Sol<\/h2>\n<div class=\"subheading\" style=\"text-align: center;\">Chez Lica Homes, nous proposons des locations saisonni\u00e8res de septembre \u00e0 juin. C&rsquo;est la solution id\u00e9ale pour des s\u00e9jours de plusieurs mois, con\u00e7ue pour ceux qui souhaitent profiter de la Costa del Sol \u00e0 un rythme plus d\u00e9tendu et se sentir comme chez eux. Que vous veniez pour affaires, pour une escapade hivernale au soleil ou simplement pour vous ressourcer loin du quotidien, nous serons ravis de vous aider \u00e0 trouver le logement parfait. Nos h\u00e9bergements sont enti\u00e8rement \u00e9quip\u00e9s et pr\u00eats \u00e0 vous accueillir pour que vous puissiez vous d\u00e9tendre et profiter pleinement de votre s\u00e9jour.<\/div>\n<p>[\/vc_column_text][\/vc_column][\/vc_row]<\/p>\n<\/div>","protected":false},"excerpt":{"rendered":"<p>[vc_row][vc_column][vc_column_text css=\u00a0\u00bb\u00a0\u00bb] Location saisonni\u00e8re sur la Costa del Sol Chez Lica Homes, nous proposons des locations saisonni\u00e8res de septembre \u00e0 juin. C&rsquo;est la solution id\u00e9ale pour des s\u00e9jours de plusieurs mois, con\u00e7ue pour ceux qui souhaitent profiter de la Costa del Sol \u00e0 un rythme plus d\u00e9tendu et se sentir comme chez eux. Que vous &#8230;<\/p>\n","protected":false},"author":1,"featured_media":0,"parent":0,"menu_order":0,"comment_status":"closed","ping_status":"closed","template":"property_list.php","meta":{"inline_featured_image":false,"footnotes":""},"class_list":["post-37563","page","type-page","status-publish","hentry"],"_links":{"self":[{"href":"https:\/\/licahomes.com\/fr\/wp-json\/wp\/v2\/pages\/37563","targetHints":{"allow":["GET"]}}],"collection":[{"href":"https:\/\/licahomes.com\/fr\/wp-json\/wp\/v2\/pages"}],"about":[{"href":"https:\/\/licahomes.com\/fr\/wp-json\/wp\/v2\/types\/page"}],"author":[{"embeddable":true,"href":"https:\/\/licahomes.com\/fr\/wp-json\/wp\/v2\/users\/1"}],"replies":[{"embeddable":true,"href":"https:\/\/licahomes.com\/fr\/wp-json\/wp\/v2\/comments?post=37563"}],"version-history":[{"count":2,"href":"https:\/\/licahomes.com\/fr\/wp-json\/wp\/v2\/pages\/37563\/revisions"}],"predecessor-version":[{"id":37565,"href":"https:\/\/licahomes.com\/fr\/wp-json\/wp\/v2\/pages\/37563\/revisions\/37565"}],"wp:attachment":[{"href":"https:\/\/licahomes.com\/fr\/wp-json\/wp\/v2\/media?parent=37563"}],"curies":[{"name":"wp","href":"https:\/\/api.w.org\/{rel}","templated":true}]}}