{"id":36760,"date":"2025-05-05T21:09:08","date_gmt":"2025-05-05T19:09:08","guid":{"rendered":"https:\/\/licahomes.com\/fr\/?page_id=36760"},"modified":"2026-04-10T17:01:14","modified_gmt":"2026-04-10T15:01:14","slug":"a-propos-de-nous","status":"publish","type":"page","link":"https:\/\/licahomes.com\/fr\/a-propos-de-nous\/","title":{"rendered":"\u00c0 propos de nous"},"content":{"rendered":"<div class=\"wpb-content-wrapper\"><p>[vc_section][vc_row][vc_column width=\u00a0\u00bb1\/2&Prime; offset=\u00a0\u00bbvc_hidden-md vc_hidden-sm vc_hidden-xs\u00a0\u00bb][vc_single_image image=\u00a0\u00bb37671&Prime; img_size=\u00a0\u00bbfull\u00a0\u00bb css=\u00a0\u00bb\u00a0\u00bb][\/vc_column][vc_column width=\u00a0\u00bb1\/2&Prime;][vc_column_text css=\u00a0\u00bb.vc_custom_1747695365512{padding-bottom: 10px !important;}\u00a0\u00bb el_class=\u00a0\u00bbfrontheading\u00a0\u00bb]Avec plus de 18 ans d&rsquo;exp\u00e9rience dans le secteur de la location de vacances sur la Costa del Sol, chez Lica Homes, nous nous engageons \u00e0 vous offrir des s\u00e9jours uniques dans des propri\u00e9t\u00e9s soigneusement s\u00e9lectionn\u00e9es situ\u00e9es dans les quartiers les plus exclusifs de Marbella et de ses environs.<\/p>\n<p>Notre objectif est de vous faire sentir comme chez vous d\u00e8s le premier instant. C&rsquo;est pourquoi nous prenons soin de chaque d\u00e9tail afin que votre seule pr\u00e9occupation soit de vous amuser. Du nettoyage impeccable \u00e0 l&rsquo;entretien continu et au service personnalis\u00e9, nous travaillons chaque jour pour vous offrir une exp\u00e9rience d&rsquo;h\u00e9bergement confortable, s\u00e9curitaire et sans tracas.<\/p>\n<p>Nous aimons \u00e9tablir une relation \u00e9troite et honn\u00eate avec nos clients. Nous serons \u00e0 vos c\u00f4t\u00e9s d\u00e8s le premier contact, r\u00e9pondrons \u00e0 vos questions et serons disponibles \u00e0 tout moment pour garantir que votre s\u00e9jour d\u00e9passe vos attentes.<\/p>\n<p>Nous pouvons offrir un traitement plus humain et plus flexible. Nous proposons des options pour des s\u00e9jours de courte et moyenne dur\u00e9e, s&rsquo;adaptant aux besoins de chaque voyageur.<\/p>\n<p>Notre passion de bien faire les choses et notre d\u00e9vouement envers chaque client font la diff\u00e9rence. Que vous voyagiez en famille, en couple ou pour le travail, nous avons la propri\u00e9t\u00e9 id\u00e9ale pour vous.<\/p>\n<p>Bienvenue chez Lica Homes. Bienvenue dans votre prochaine maison sur la Costa del Sol.[\/vc_column_text][\/vc_column][\/vc_row][\/vc_section][vc_row css=\u00a0\u00bb.vc_custom_1746879501875{margin-top: 50px !important;}\u00a0\u00bb][vc_column][vc_cta h2=\u00a0\u00bbToutes nos propri\u00e9t\u00e9s\u00a0\u00bb add_button=\u00a0\u00bbright\u00a0\u00bb btn_title=\u00a0\u00bbVoir toutes les propri\u00e9t\u00e9s\u00a0\u00bb btn_style=\u00a0\u00bbclassic\u00a0\u00bb btn_color=\u00a0\u00bbinfo\u00a0\u00bb btn_align=\u00a0\u00bbright\u00a0\u00bb btn_i_align=\u00a0\u00bbright\u00a0\u00bb btn_i_icon_fontawesome=\u00a0\u00bbfa fa-solid fa-arrow-right\u00a0\u00bb css=\u00a0\u00bb\u00a0\u00bb btn_add_icon=\u00a0\u00bbtrue\u00a0\u00bb btn_link=\u00a0\u00bburl:https%3A%2F%2Flicahomes.com%2Ffr%2Fproprietes%2F\u00a0\u00bb]D\u00e9couvrez notre s\u00e9lection compl\u00e8te de locations de vacances. Des maisons de charme, des appartements avec vue et bien plus encore vous attendent. Trouvez l&rsquo;endroit id\u00e9al pour votre prochaine escapade.[\/vc_cta][\/vc_column][\/vc_row]<\/p>\n<\/div>","protected":false},"excerpt":{"rendered":"<p>[vc_section][vc_row][vc_column width=\u00a0\u00bb1\/2&Prime; offset=\u00a0\u00bbvc_hidden-md vc_hidden-sm vc_hidden-xs\u00a0\u00bb][vc_single_image image=\u00a0\u00bb37671&Prime; img_size=\u00a0\u00bbfull\u00a0\u00bb css=\u00a0\u00bb\u00a0\u00bb][\/vc_column][vc_column width=\u00a0\u00bb1\/2&Prime;][vc_column_text css=\u00a0\u00bb.vc_custom_1747695365512{padding-bottom: 10px !important;}\u00a0\u00bb el_class=\u00a0\u00bbfrontheading\u00a0\u00bb]Avec plus de 18 ans d&rsquo;exp\u00e9rience dans le secteur de la location de vacances sur la Costa del Sol, chez Lica Homes, nous nous engageons \u00e0 vous offrir des s\u00e9jours uniques dans des propri\u00e9t\u00e9s soigneusement s\u00e9lectionn\u00e9es situ\u00e9es dans les quartiers les plus exclusifs &#8230;<\/p>\n","protected":false},"author":1,"featured_media":0,"parent":0,"menu_order":0,"comment_status":"closed","ping_status":"closed","template":"","meta":{"inline_featured_image":false,"footnotes":""},"class_list":["post-36760","page","type-page","status-publish","hentry"],"_links":{"self":[{"href":"https:\/\/licahomes.com\/fr\/wp-json\/wp\/v2\/pages\/36760","targetHints":{"allow":["GET"]}}],"collection":[{"href":"https:\/\/licahomes.com\/fr\/wp-json\/wp\/v2\/pages"}],"about":[{"href":"https:\/\/licahomes.com\/fr\/wp-json\/wp\/v2\/types\/page"}],"author":[{"embeddable":true,"href":"https:\/\/licahomes.com\/fr\/wp-json\/wp\/v2\/users\/1"}],"replies":[{"embeddable":true,"href":"https:\/\/licahomes.com\/fr\/wp-json\/wp\/v2\/comments?post=36760"}],"version-history":[{"count":17,"href":"https:\/\/licahomes.com\/fr\/wp-json\/wp\/v2\/pages\/36760\/revisions"}],"predecessor-version":[{"id":37673,"href":"https:\/\/licahomes.com\/fr\/wp-json\/wp\/v2\/pages\/36760\/revisions\/37673"}],"wp:attachment":[{"href":"https:\/\/licahomes.com\/fr\/wp-json\/wp\/v2\/media?parent=36760"}],"curies":[{"name":"wp","href":"https:\/\/api.w.org\/{rel}","templated":true}]}}