{"id":1193,"date":"2015-07-02T10:15:59","date_gmt":"2015-07-02T10:15:59","guid":{"rendered":"http:\/\/wprentals.org\/?page_id=1193"},"modified":"2026-04-10T19:55:32","modified_gmt":"2026-04-10T17:55:32","slug":"inicio","status":"publish","type":"page","link":"https:\/\/licahomes.com\/fr\/","title":{"rendered":"Accueil"},"content":{"rendered":"<div class=\"wpb-content-wrapper\"><p>[vc_section css=\u00a0\u00bb.vc_custom_1746749535415{background-color: #FFFFFF00 !important;}\u00a0\u00bb][vc_row][vc_column offset=\u00a0\u00bbvc_hidden-lg vc_hidden-md vc_hidden-sm\u00a0\u00bb][vc_btn title=\u00a0\u00bbFAITES VOTRE R\u00c9SERVATION\u00a0\u00bb color=\u00a0\u00bbinfo\u00a0\u00bb align=\u00a0\u00bbcenter\u00a0\u00bb css=\u00a0\u00bb.vc_custom_1749666278785{margin-top: -110px !important;margin-bottom: 0px !important;}\u00a0\u00bb link=\u00a0\u00bburl:https%3A%2F%2Flicahomes.com%2Ffr%2Freserve%2F\u00a0\u00bb el_class=\u00a0\u00bbbook_button\u00a0\u00bb][vc_column_text css=\u00a0\u00bb.vc_custom_1749666077809{margin-top: 20px !important;padding-bottom: 10px !important;}\u00a0\u00bb el_class=\u00a0\u00bbfrontheading\u00a0\u00bb]<\/p>\n<h2 style=\"text-align: center; font-size: 32px;\">D\u00e9couvrez toutes nos propri\u00e9t\u00e9s de vacances<br \/>\n\u00e0 Marbella et sur la Costa del Sol<\/h2>\n<div class=\"subheading\" style=\"text-align: center;\">Chez Lica Homes, nous vous accueillons dans une exp\u00e9rience de location de vacances unique dans l&rsquo;une des zones les plus exclusives de la Costa del Sol. Notre portefeuille immobilier a \u00e9t\u00e9 soigneusement s\u00e9lectionn\u00e9 pour vous offrir des s\u00e9jours inoubliables dans des appartements modernes en bord de mer et des maisons de charme situ\u00e9es dans les meilleurs emplacements de Marbella et de ses environs. Chez Lica Homes, nous avons la propri\u00e9t\u00e9 parfaite pour vous.<\/div>\n<p>[\/vc_column_text][\/vc_column][\/vc_row][vc_row][vc_column offset=\u00a0\u00bbvc_hidden-xs\u00a0\u00bb][vc_btn title=\u00a0\u00bbFAITES VOTRE R\u00c9SERVATION\u00a0\u00bb color=\u00a0\u00bbdanger\u00a0\u00bb size=\u00a0\u00bblg\u00a0\u00bb align=\u00a0\u00bbcenter\u00a0\u00bb css=\u00a0\u00bb.vc_custom_1775843070915{margin-top: -150px !important;margin-bottom: 100px !important;}\u00a0\u00bb link=\u00a0\u00bburl:https%3A%2F%2Flicahomes.com%2Ffr%2Freserve%2F\u00a0\u00bb el_class=\u00a0\u00bbbook_button\u00a0\u00bb][vc_column_text css=\u00a0\u00bb.vc_custom_1747695477952{padding-bottom: 10px !important;}\u00a0\u00bb el_class=\u00a0\u00bbfrontheading\u00a0\u00bb]<\/p>\n<h2 style=\"text-align: center; font-size: 32px;\">D\u00e9couvrez toutes nos propri\u00e9t\u00e9s de vacances<br \/>\n\u00e0 Marbella et sur la Costa del Sol<\/h2>\n<div class=\"subheading\" style=\"text-align: center;\">Chez Lica Homes, nous vous accueillons dans une exp\u00e9rience de location de vacances unique dans l&rsquo;une des zones les plus exclusives de la Costa del Sol. Notre portefeuille immobilier a \u00e9t\u00e9 soigneusement s\u00e9lectionn\u00e9 pour vous offrir des s\u00e9jours inoubliables dans des appartements modernes en bord de mer et des maisons de charme situ\u00e9es dans les meilleurs emplacements de Marbella et de ses environs. Chez Lica Homes, nous avons la propri\u00e9t\u00e9 parfaite pour vous.<\/div>\n<p>[\/vc_column_text][\/vc_column][\/vc_row][vc_row][vc_column width=\u00a0\u00bb1\/3&Prime;]<div class=\"ult-content-box-container \" >\t<a class=\"ult-content-box-anchor\" href=\"https:\/\/licahomes.com\/fr\/el-rincon-de-narciso\/\" >\t\t<div class=\"ult-content-box\" style=\"background-color:#F2F1EF;box-shadow: 4px 5px 8px 2px #c9c9c9 ;border-style:solid;border-width:0px;border-radius:15px;border-color:#ccc7c7;padding:0px;margin-bottom:35px;-webkit-transition: all 600ms ease;-moz-transition: all 600ms ease;-ms-transition: all 600ms ease;-o-transition: all 600ms ease;transition: all 600ms ease;\"  data-hover_bg_color=\"#F2F1EF\"  data-hover_box_shadow=\" 4px 5px 7px 2px #a5a2a2 \"    data-normal_margins=\"margin-bottom:35px;\"   data-bg=\"#F2F1EF\"  data-border_color=\"#ccc7c7\" >[vc_single_image image=\u00a0\u00bb37397&Prime; img_size=\u00a0\u00bbfull\u00a0\u00bb alignment=\u00a0\u00bbcenter\u00a0\u00bb style=\u00a0\u00bbvc_box_rounded\u00a0\u00bb onclick=\u00a0\u00bbcustom_link\u00a0\u00bb css_animation=\u00a0\u00bbfadeIn\u00a0\u00bb css=\u00a0\u00bb.vc_custom_1763062559949{margin-bottom: 20px !important;border-radius: 25px !important;}\u00a0\u00bb link=\u00a0\u00bbhttps:\/\/licahomes.com\/fr\/angies-nest\/\u00a0\u00bb][vc_custom_heading text=\u00a0\u00bbAngie\u00b4s nest\u00a0\u00bb use_theme_fonts=\u00a0\u00bbyes\u00a0\u00bb css_animation=\u00a0\u00bbnone\u00a0\u00bb css=\u00a0\u00bb.vc_custom_1763062423561{padding-right: 10px !important;padding-left: 10px !important;}\u00a0\u00bb link=\u00a0\u00bburl:https%3A%2F%2Flicahomes.com%2Ffr%2Fangies-nest%2F\u00a0\u00bb][vc_column_text css_animation=\u00a0\u00bbnone\u00a0\u00bb css=\u00a0\u00bb.vc_custom_1763062449970{margin-top: 20px !important;margin-bottom: 20px !important;padding-right: 10px !important;padding-left: 10px !important;}\u00a0\u00bb]Maison enti\u00e8rement r\u00e9nov\u00e9e en 2024, situ\u00e9e au coeur de la vieille ville d&rsquo;Estepona.[\/vc_column_text][vc_btn title=\u00a0\u00bbPLUS D&rsquo;INFORMATIONS\u00a0\u00bb color=\u00a0\u00bbinfo\u00a0\u00bb size=\u00a0\u00bbsm\u00a0\u00bb align=\u00a0\u00bbleft\u00a0\u00bb i_align=\u00a0\u00bbright\u00a0\u00bb i_icon_fontawesome=\u00a0\u00bbfa fa-solid fa-arrow-right-long\u00a0\u00bb css=\u00a0\u00bb\u00a0\u00bb button_block=\u00a0\u00bbtrue\u00a0\u00bb add_icon=\u00a0\u00bbtrue\u00a0\u00bb link=\u00a0\u00bburl:https%3A%2F%2Flicahomes.com%2Ffr%2Fangies-nest%2F\u00a0\u00bb]\t\t<\/div>\t<\/a><\/div>[\/vc_column][vc_column width=\u00a0\u00bb1\/3&Prime;]<div class=\"ult-content-box-container \" >\t<a class=\"ult-content-box-anchor\" href=\"https:\/\/licahomes.com\/fr\/el-rincon-de-narciso\/\" >\t\t<div class=\"ult-content-box\" style=\"background-color:#F2F1EF;box-shadow: 4px 5px 8px 2px #c9c9c9 ;border-style:solid;border-width:0px;border-radius:15px;border-color:#ccc7c7;padding:0px;margin-bottom:35px;-webkit-transition: all 600ms ease;-moz-transition: all 600ms ease;-ms-transition: all 600ms ease;-o-transition: all 600ms ease;transition: all 600ms ease;\"  data-hover_bg_color=\"#F2F1EF\"  data-hover_box_shadow=\" 4px 5px 7px 2px #a5a2a2 \"    data-normal_margins=\"margin-bottom:35px;\"   data-bg=\"#F2F1EF\"  data-border_color=\"#ccc7c7\" >[vc_single_image image=\u00a0\u00bb37131&Prime; img_size=\u00a0\u00bbfull\u00a0\u00bb alignment=\u00a0\u00bbcenter\u00a0\u00bb style=\u00a0\u00bbvc_box_rounded\u00a0\u00bb onclick=\u00a0\u00bbcustom_link\u00a0\u00bb css_animation=\u00a0\u00bbfadeIn\u00a0\u00bb css=\u00a0\u00bb.vc_custom_1746897446915{margin-bottom: 20px !important;border-radius: 25px !important;}\u00a0\u00bb link=\u00a0\u00bbhttps:\/\/licahomes.com\/fr\/bermuda-beachfront-living\/\u00a0\u00bb][vc_custom_heading text=\u00a0\u00bbBermuda Beachfront Living\u00a0\u00bb use_theme_fonts=\u00a0\u00bbyes\u00a0\u00bb css_animation=\u00a0\u00bbnone\u00a0\u00bb css=\u00a0\u00bb.vc_custom_1746895970939{padding-right: 10px !important;padding-left: 10px !important;}\u00a0\u00bb link=\u00a0\u00bburl:https%3A%2F%2Flicahomes.com\/fr%2Fbermuda-beachfront-living%2F\u00a0\u00bb][vc_column_text css_animation=\u00a0\u00bbnone\u00a0\u00bb css=\u00a0\u00bb.vc_custom_1747694782764{margin-top: 20px !important;margin-bottom: 20px !important;padding-right: 10px !important;padding-left: 10px !important;}\u00a0\u00bb]Appartement avec vue sur la mer dans l&rsquo;un des quartiers les plus calmes de la Costa del Sol.[\/vc_column_text][vc_btn title=\u00a0\u00bbPLUS D&rsquo;INFORMATIONS\u00a0\u00bb color=\u00a0\u00bbinfo\u00a0\u00bb size=\u00a0\u00bbsm\u00a0\u00bb align=\u00a0\u00bbleft\u00a0\u00bb i_align=\u00a0\u00bbright\u00a0\u00bb i_icon_fontawesome=\u00a0\u00bbfa fa-solid fa-arrow-right-long\u00a0\u00bb css=\u00a0\u00bb\u00a0\u00bb button_block=\u00a0\u00bbtrue\u00a0\u00bb add_icon=\u00a0\u00bbtrue\u00a0\u00bb link=\u00a0\u00bburl:https%3A%2F%2Flicahomes.com\/fr%2Fbermuda-beachfront-living%2F\u00a0\u00bb]\t\t<\/div>\t<\/a><\/div>[\/vc_column][vc_column width=\u00a0\u00bb1\/3&Prime;]<div class=\"ult-content-box-container \" >\t<a class=\"ult-content-box-anchor\" href=\"https:\/\/licahomes.com\/fr\/el-rincon-de-narciso\/\" >\t\t<div class=\"ult-content-box\" style=\"background-color:#F2F1EF;box-shadow: 4px 5px 8px 2px #c9c9c9 ;border-style:solid;border-width:0px;border-radius:15px;border-color:#ccc7c7;padding:0px;margin-bottom:35px;-webkit-transition: all 600ms ease;-moz-transition: all 600ms ease;-ms-transition: all 600ms ease;-o-transition: all 600ms ease;transition: all 600ms ease;\"  data-hover_bg_color=\"#F2F1EF\"  data-hover_box_shadow=\" 4px 5px 7px 2px #a5a2a2 \"    data-normal_margins=\"margin-bottom:35px;\"   data-bg=\"#F2F1EF\"  data-border_color=\"#ccc7c7\" >[vc_single_image image=\u00a0\u00bb37676&Prime; img_size=\u00a0\u00bbfull\u00a0\u00bb alignment=\u00a0\u00bbcenter\u00a0\u00bb style=\u00a0\u00bbvc_box_rounded\u00a0\u00bb onclick=\u00a0\u00bbcustom_link\u00a0\u00bb css_animation=\u00a0\u00bbfadeIn\u00a0\u00bb css=\u00a0\u00bb.vc_custom_1775843614686{margin-bottom: 20px !important;border-radius: 25px !important;}\u00a0\u00bb link=\u00a0\u00bbhttps:\/\/licahomes.com\/fr\/villa-hermana-del-sol\/\u00a0\u00bb][vc_custom_heading text=\u00a0\u00bbVilla Hermana del Sol\u00a0\u00bb use_theme_fonts=\u00a0\u00bbyes\u00a0\u00bb css_animation=\u00a0\u00bbnone\u00a0\u00bb css=\u00a0\u00bb.vc_custom_1775843595392{padding-right: 10px !important;padding-left: 10px !important;}\u00a0\u00bb link=\u00a0\u00bburl:https%3A%2F%2Flicahomes.com%2Ffr%2Fvilla-hermana-del-sol%2F\u00a0\u00bb][vc_column_text css_animation=\u00a0\u00bbnone\u00a0\u00bb css=\u00a0\u00bb.vc_custom_1775843567241{margin-top: 20px !important;margin-bottom: 20px !important;padding-right: 10px !important;padding-left: 10px !important;}\u00a0\u00bb]Villa familiale avec vue sur la mer \u00e0 Estepona. Jusqu\u2019\u00e0 8 personnes. Piscine priv\u00e9e.[\/vc_column_text][vc_btn title=\u00a0\u00bbPLUS D&rsquo;INFORMATIONS\u00a0\u00bb color=\u00a0\u00bbinfo\u00a0\u00bb size=\u00a0\u00bbsm\u00a0\u00bb align=\u00a0\u00bbleft\u00a0\u00bb i_align=\u00a0\u00bbright\u00a0\u00bb i_icon_fontawesome=\u00a0\u00bbfa fa-solid fa-arrow-right-long\u00a0\u00bb css=\u00a0\u00bb\u00a0\u00bb button_block=\u00a0\u00bbtrue\u00a0\u00bb add_icon=\u00a0\u00bbtrue\u00a0\u00bb link=\u00a0\u00bburl:https%3A%2F%2Flicahomes.com%2Ffr%2Fvilla-hermana-del-sol%2F\u00a0\u00bb]\t\t<\/div>\t<\/a><\/div>[\/vc_column][\/vc_row][vc_row][vc_column width=\u00a0\u00bb1\/3&Prime;]<div class=\"ult-content-box-container \" >\t<a class=\"ult-content-box-anchor\" href=\"https:\/\/licahomes.com\/fr\/el-rincon-de-narciso\/\" >\t\t<div class=\"ult-content-box\" style=\"background-color:#F2F1EF;box-shadow: 4px 5px 8px 2px #c9c9c9 ;border-style:solid;border-width:0px;border-radius:15px;border-color:#ccc7c7;padding:0px;margin-bottom:35px;-webkit-transition: all 600ms ease;-moz-transition: all 600ms ease;-ms-transition: all 600ms ease;-o-transition: all 600ms ease;transition: all 600ms ease;\"  data-hover_bg_color=\"#F2F1EF\"  data-hover_box_shadow=\" 4px 5px 7px 2px #a5a2a2 \"    data-normal_margins=\"margin-bottom:35px;\"   data-bg=\"#F2F1EF\"  data-border_color=\"#ccc7c7\" >[vc_single_image image=\u00a0\u00bb37681&Prime; img_size=\u00a0\u00bbfull\u00a0\u00bb alignment=\u00a0\u00bbcenter\u00a0\u00bb style=\u00a0\u00bbvc_box_rounded\u00a0\u00bb onclick=\u00a0\u00bbcustom_link\u00a0\u00bb css_animation=\u00a0\u00bbfadeIn\u00a0\u00bb css=\u00a0\u00bb.vc_custom_1775843445891{margin-bottom: 20px !important;border-radius: 25px !important;}\u00a0\u00bb link=\u00a0\u00bbhttps:\/\/licahomes.com\/de\/paraiso-bel-air\/\u00a0\u00bb][vc_custom_heading text=\u00a0\u00bbParaiso de Bel Air\u00a0\u00bb use_theme_fonts=\u00a0\u00bbyes\u00a0\u00bb css_animation=\u00a0\u00bbnone\u00a0\u00bb css=\u00a0\u00bb.vc_custom_1775843459693{padding-right: 10px !important;padding-left: 10px !important;}\u00a0\u00bb link=\u00a0\u00bburl:https%3A%2F%2Flicahomes.com%2Fde%2Fparaiso-bel-air%2F\u00a0\u00bb][vc_column_text css_animation=\u00a0\u00bbnone\u00a0\u00bb css=\u00a0\u00bb.vc_custom_1775843434444{margin-top: 20px !important;margin-bottom: 20px !important;padding-right: 10px !important;padding-left: 10px !important;}\u00a0\u00bb]Magnifique appartement situ\u00e9 dans la r\u00e9sidence exclusive et paisible El Retiro de Bel Air.[\/vc_column_text][vc_btn title=\u00a0\u00bbPLUS D&rsquo;INFORMATIONS\u00a0\u00bb color=\u00a0\u00bbinfo\u00a0\u00bb size=\u00a0\u00bbsm\u00a0\u00bb align=\u00a0\u00bbleft\u00a0\u00bb i_align=\u00a0\u00bbright\u00a0\u00bb i_icon_fontawesome=\u00a0\u00bbfa fa-solid fa-arrow-right-long\u00a0\u00bb css=\u00a0\u00bb\u00a0\u00bb button_block=\u00a0\u00bbtrue\u00a0\u00bb add_icon=\u00a0\u00bbtrue\u00a0\u00bb link=\u00a0\u00bburl:https%3A%2F%2Flicahomes.com%2Fde%2Fparaiso-bel-air%2F\u00a0\u00bb]\t\t<\/div>\t<\/a><\/div>[\/vc_column][vc_column width=\u00a0\u00bb1\/3&Prime;]<div class=\"ult-content-box-container \" >\t<a class=\"ult-content-box-anchor\" href=\"https:\/\/licahomes.com\/fr\/el-rincon-de-narciso\/\" >\t\t<div class=\"ult-content-box\" style=\"background-color:#F2F1EF;box-shadow: 4px 5px 8px 2px #c9c9c9 ;border-style:solid;border-width:0px;border-radius:15px;border-color:#ccc7c7;padding:0px;margin-bottom:35px;-webkit-transition: all 600ms ease;-moz-transition: all 600ms ease;-ms-transition: all 600ms ease;-o-transition: all 600ms ease;transition: all 600ms ease;\"  data-hover_bg_color=\"#F2F1EF\"  data-hover_box_shadow=\" 4px 5px 7px 2px #a5a2a2 \"    data-normal_margins=\"margin-bottom:35px;\"   data-bg=\"#F2F1EF\"  data-border_color=\"#ccc7c7\" >[vc_single_image image=\u00a0\u00bb37522&Prime; img_size=\u00a0\u00bbfull\u00a0\u00bb alignment=\u00a0\u00bbcenter\u00a0\u00bb style=\u00a0\u00bbvc_box_rounded\u00a0\u00bb onclick=\u00a0\u00bbcustom_link\u00a0\u00bb css_animation=\u00a0\u00bbfadeIn\u00a0\u00bb css=\u00a0\u00bb.vc_custom_1775843275134{margin-bottom: 20px !important;border-radius: 25px !important;}\u00a0\u00bb link=\u00a0\u00bbhttps:\/\/licahomes.com\/fr\/villa-morris\/\u00a0\u00bb][vc_custom_heading text=\u00a0\u00bbVilla Morris\u00a0\u00bb use_theme_fonts=\u00a0\u00bbyes\u00a0\u00bb css_animation=\u00a0\u00bbnone\u00a0\u00bb css=\u00a0\u00bb.vc_custom_1775843287793{padding-right: 10px !important;padding-left: 10px !important;}\u00a0\u00bb link=\u00a0\u00bburl:https%3A%2F%2Flicahomes.com%2Ffr%2Fvilla-morris%2F\u00a0\u00bb][vc_column_text css_animation=\u00a0\u00bbnone\u00a0\u00bb css=\u00a0\u00bb.vc_custom_1775843257774{margin-top: 20px !important;margin-bottom: 20px !important;padding-right: 10px !important;padding-left: 10px !important;}\u00a0\u00bb]Villa contemporaine exclusive, baign\u00e9e de lumi\u00e8re et situ\u00e9e \u00e0 quelques minutes de la mer.[\/vc_column_text][vc_btn title=\u00a0\u00bbPLUS D&rsquo;INFORMATIONS\u00a0\u00bb color=\u00a0\u00bbinfo\u00a0\u00bb size=\u00a0\u00bbsm\u00a0\u00bb align=\u00a0\u00bbleft\u00a0\u00bb i_align=\u00a0\u00bbright\u00a0\u00bb i_icon_fontawesome=\u00a0\u00bbfa fa-solid fa-arrow-right-long\u00a0\u00bb css=\u00a0\u00bb\u00a0\u00bb button_block=\u00a0\u00bbtrue\u00a0\u00bb add_icon=\u00a0\u00bbtrue\u00a0\u00bb link=\u00a0\u00bburl:https%3A%2F%2Flicahomes.com%2Ffr%2Fvilla-morris%2F\u00a0\u00bb]\t\t<\/div>\t<\/a><\/div>[\/vc_column][vc_column width=\u00a0\u00bb1\/3&Prime;]<div class=\"ult-content-box-container \" >\t<a class=\"ult-content-box-anchor\" href=\"https:\/\/licahomes.com\/fr\/el-rincon-de-narciso\/\" >\t\t<div class=\"ult-content-box\" style=\"background-color:#F2F1EF;box-shadow: 4px 5px 8px 2px #c9c9c9 ;border-style:solid;border-width:0px;border-radius:15px;border-color:#ccc7c7;padding:0px;margin-bottom:35px;-webkit-transition: all 600ms ease;-moz-transition: all 600ms ease;-ms-transition: all 600ms ease;-o-transition: all 600ms ease;transition: all 600ms ease;\"  data-hover_bg_color=\"#F2F1EF\"  data-hover_box_shadow=\" 4px 5px 7px 2px #a5a2a2 \"    data-normal_margins=\"margin-bottom:35px;\"   data-bg=\"#F2F1EF\"  data-border_color=\"#ccc7c7\" >[vc_single_image image=\u00a0\u00bb37667&Prime; img_size=\u00a0\u00bbfull\u00a0\u00bb alignment=\u00a0\u00bbcenter\u00a0\u00bb style=\u00a0\u00bbvc_box_rounded\u00a0\u00bb onclick=\u00a0\u00bbcustom_link\u00a0\u00bb css_animation=\u00a0\u00bbfadeIn\u00a0\u00bb css=\u00a0\u00bb.vc_custom_1775843197717{margin-bottom: 20px !important;border-radius: 25px !important;}\u00a0\u00bb link=\u00a0\u00bbhttps:\/\/licahomes.com\/fr\/sotoserena-garden-home\/\u00a0\u00bb][vc_custom_heading text=\u00a0\u00bbSotoserena Garden Home\u00a0\u00bb use_theme_fonts=\u00a0\u00bbyes\u00a0\u00bb css_animation=\u00a0\u00bbnone\u00a0\u00bb css=\u00a0\u00bb.vc_custom_1775843212671{padding-right: 10px !important;padding-left: 10px !important;}\u00a0\u00bb link=\u00a0\u00bburl:https%3A%2F%2Flicahomes.com%2Ffr%2Fsotoserena-garden-home%2F\u00a0\u00bb][vc_column_text css_animation=\u00a0\u00bbnone\u00a0\u00bb css=\u00a0\u00bb.vc_custom_1775843176954{margin-top: 20px !important;margin-bottom: 20px !important;padding-right: 10px !important;padding-left: 10px !important;}\u00a0\u00bb]Appartement \u00e9l\u00e9gant et lumineux situ\u00e9 dans le quartier exclusif du Nouveau Golden Mile.[\/vc_column_text][vc_btn title=\u00a0\u00bbPLUS D&rsquo;INFORMATIONS\u00a0\u00bb color=\u00a0\u00bbinfo\u00a0\u00bb size=\u00a0\u00bbsm\u00a0\u00bb align=\u00a0\u00bbleft\u00a0\u00bb i_align=\u00a0\u00bbright\u00a0\u00bb i_icon_fontawesome=\u00a0\u00bbfa fa-solid fa-arrow-right-long\u00a0\u00bb css=\u00a0\u00bb\u00a0\u00bb button_block=\u00a0\u00bbtrue\u00a0\u00bb add_icon=\u00a0\u00bbtrue\u00a0\u00bb link=\u00a0\u00bburl:https%3A%2F%2Flicahomes.com%2Ffr%2Fsotoserena-garden-home%2F\u00a0\u00bb]\t\t<\/div>\t<\/a><\/div>[\/vc_column][\/vc_row][vc_row][vc_column][vc_cta h2=\u00a0\u00bbToutes nos propri\u00e9t\u00e9s\u00a0\u00bb add_button=\u00a0\u00bbright\u00a0\u00bb btn_title=\u00a0\u00bbVoir toutes les propri\u00e9t\u00e9s\u00a0\u00bb btn_style=\u00a0\u00bbclassic\u00a0\u00bb btn_color=\u00a0\u00bbinfo\u00a0\u00bb btn_align=\u00a0\u00bbright\u00a0\u00bb btn_i_align=\u00a0\u00bbright\u00a0\u00bb btn_i_icon_fontawesome=\u00a0\u00bbfa fa-solid fa-arrow-right\u00a0\u00bb css=\u00a0\u00bb\u00a0\u00bb btn_add_icon=\u00a0\u00bbtrue\u00a0\u00bb btn_link=\u00a0\u00bburl:https%3A%2F%2Flicahomes.com%2Ffr%2Fproprietes%2F\u00a0\u00bb]D\u00e9couvrez notre s\u00e9lection compl\u00e8te de locations de vacances. Des maisons de charme, des appartements avec vue et bien plus encore vous attendent. Trouvez l&rsquo;endroit id\u00e9al pour votre prochaine escapade.[\/vc_cta][\/vc_column][\/vc_row][\/vc_section][vc_row full_width=\u00a0\u00bbstretch_row\u00a0\u00bb css=\u00a0\u00bb.vc_custom_1746954415682{margin-top: 20px !important;margin-bottom: 20px !important;padding-top: 65px !important;padding-bottom: 90px !important;background: #FFFFFF url(https:\/\/licahomes.com\/fr\/wp-content\/uploads\/sites\/3\/2023\/03\/back_webp-18-2-4.webp?id=36462) !important;}\u00a0\u00bb][vc_column][vc_column_text css=\u00a0\u00bb\u00a0\u00bb]<\/p>\n<h3 style=\"text-align: center; font-size: 32px; color: #fff;\">Votre prochaine escapade vous attend.<br \/>\nR\u00e9servez d\u00e8s maintenant et vivez une exp\u00e9rience unique.<\/h3>\n<p>[\/vc_column_text][vc_btn title=\u00a0\u00bbFAITES VOTRE R\u00c9SERVATION\u00a0\u00bb color=\u00a0\u00bbdanger\u00a0\u00bb size=\u00a0\u00bblg\u00a0\u00bb align=\u00a0\u00bbcenter\u00a0\u00bb css=\u00a0\u00bb\u00a0\u00bb link=\u00a0\u00bburl:https%3A%2F%2Flicahomes.com%2Ffr%2Fproprietes%2F\u00a0\u00bb][\/vc_column][\/vc_row][vc_row][vc_column][vc_column_text css=\u00a0\u00bb.vc_custom_1747695078258{padding-bottom: 10px !important;}\u00a0\u00bb el_class=\u00a0\u00bbfrontheading\u00a0\u00bb]<\/p>\n<h2 style=\"text-align: center; font-size: 32px;\">Que trouverez-vous dans nos propri\u00e9t\u00e9s ?<\/h2>\n<div class=\"subheading\" style=\"text-align: center;\">\n<p data-start=\"1072\" data-end=\"1537\">Des espaces spacieux, une d\u00e9coration \u00e9l\u00e9gante, des terrasses ensoleill\u00e9es et toutes les commodit\u00e9s dont vous avez besoin pour vous d\u00e9tendre. La plupart de nos maisons de vacances sont \u00e9quip\u00e9es d&rsquo;une piscine priv\u00e9e, d&rsquo;un jardin, d&rsquo;un espace barbecue, de la climatisation, d&rsquo;une connexion Wi-Fi haut d\u00e9bit, d&rsquo;un parking et, bien s\u00fbr, d&rsquo;un emplacement privil\u00e9gi\u00e9 \u00e0 quelques minutes des plages les plus renomm\u00e9es de Marbella, Puerto Ban\u00fas et du Golden Mile.<\/p>\n<\/div>\n<p>[\/vc_column_text][\/vc_column][\/vc_row][vc_row full_width=\u00a0\u00bbstretch_row\u00a0\u00bb][vc_column]<div id=\"ult-carousel-303886581669e1599e571b5\" class=\"ult-carousel-wrapper  ultimate_carousel  ult_horizontal\" data-gutter=\"25\" data-rtl=\"false\" ><div class=\"ult-carousel-90222678869e1599e56ecd \" >[vc_single_image image=\u00a0\u00bb37678&Prime; img_size=\u00a0\u00bbfull\u00a0\u00bb alignment=\u00a0\u00bbcenter\u00a0\u00bb style=\u00a0\u00bbvc_box_rounded\u00a0\u00bb onclick=\u00a0\u00bblink_image\u00a0\u00bb css_animation=\u00a0\u00bbfadeIn\u00a0\u00bb css=\u00a0\u00bb.vc_custom_1775843675264{border-radius: 25px !important;}\u00a0\u00bb][vc_single_image image=\u00a0\u00bb37675&Prime; img_size=\u00a0\u00bbfull\u00a0\u00bb alignment=\u00a0\u00bbcenter\u00a0\u00bb style=\u00a0\u00bbvc_box_rounded\u00a0\u00bb onclick=\u00a0\u00bblink_image\u00a0\u00bb css_animation=\u00a0\u00bbfadeIn\u00a0\u00bb css=\u00a0\u00bb.vc_custom_1775843685783{border-radius: 25px !important;}\u00a0\u00bb][vc_single_image image=\u00a0\u00bb37680&Prime; img_size=\u00a0\u00bbfull\u00a0\u00bb alignment=\u00a0\u00bbcenter\u00a0\u00bb style=\u00a0\u00bbvc_box_rounded\u00a0\u00bb onclick=\u00a0\u00bblink_image\u00a0\u00bb css_animation=\u00a0\u00bbfadeIn\u00a0\u00bb css=\u00a0\u00bb.vc_custom_1775843696759{border-radius: 25px !important;}\u00a0\u00bb][vc_single_image image=\u00a0\u00bb37681&Prime; img_size=\u00a0\u00bbfull\u00a0\u00bb alignment=\u00a0\u00bbcenter\u00a0\u00bb style=\u00a0\u00bbvc_box_rounded\u00a0\u00bb onclick=\u00a0\u00bblink_image\u00a0\u00bb css_animation=\u00a0\u00bbfadeIn\u00a0\u00bb css=\u00a0\u00bb.vc_custom_1775843714209{border-radius: 25px !important;}\u00a0\u00bb][vc_single_image image=\u00a0\u00bb37666&Prime; img_size=\u00a0\u00bbfull\u00a0\u00bb alignment=\u00a0\u00bbcenter\u00a0\u00bb style=\u00a0\u00bbvc_box_rounded\u00a0\u00bb onclick=\u00a0\u00bblink_image\u00a0\u00bb css_animation=\u00a0\u00bbfadeIn\u00a0\u00bb css=\u00a0\u00bb.vc_custom_1775843728257{border-radius: 25px !important;}\u00a0\u00bb]<\/div><\/div>\t\t\t<script type=\"text\/javascript\">\n\t\t\t\tjQuery(document).ready(function ($) {\n\t\t\t\t\tif( typeof jQuery('.ult-carousel-90222678869e1599e56ecd').slick == \"function\"){\n\t\t\t\t\t\t$('.ult-carousel-90222678869e1599e56ecd').slick({dots: false,autoplay: true,autoplaySpeed: \"5000\",speed: \"300\",infinite: true,arrows: false,slidesToScroll:3,slidesToShow:3,swipe: true,draggable: true,touchMove: true,pauseOnHover: true,pauseOnFocus: false,responsive: [\n\t\t\t\t\t\t\t{\n\t\t\t\t\t\t\t  breakpoint: 1026,\n\t\t\t\t\t\t\t  settings: {\n\t\t\t\t\t\t\t\tslidesToShow: 3,\n\t\t\t\t\t\t\t\tslidesToScroll: 3,  \n\t\t\t\t\t\t\t  }\n\t\t\t\t\t\t\t},\n\t\t\t\t\t\t\t{\n\t\t\t\t\t\t\t  breakpoint: 1025,\n\t\t\t\t\t\t\t  settings: {\n\t\t\t\t\t\t\t\tslidesToShow: 2,\n\t\t\t\t\t\t\t\tslidesToScroll: 2\n\t\t\t\t\t\t\t  }\n\t\t\t\t\t\t\t},\n\t\t\t\t\t\t\t{\n\t\t\t\t\t\t\t  breakpoint: 760,\n\t\t\t\t\t\t\t  settings: {\n\t\t\t\t\t\t\t\tslidesToShow: 1,\n\t\t\t\t\t\t\t\tslidesToScroll: 1\n\t\t\t\t\t\t\t  }\n\t\t\t\t\t\t\t}\n\t\t\t\t\t\t],pauseOnDotsHover: true,customPaging: function(slider, i) {\n                   return '<i type=\"button\" style= \"color:#333333;\" class=\"ultsl-record\" data-role=\"none\"><\/i>';\n                },});\n\t\t\t\t\t}\n\t\t\t\t});\n\t\t\t<\/script>\n\t\t\t[\/vc_column][\/vc_row]<\/p>\n<\/div>","protected":false},"excerpt":{"rendered":"<p>[vc_section css=\u00a0\u00bb.vc_custom_1746749535415{background-color: #FFFFFF00 !important;}\u00a0\u00bb][vc_row][vc_column offset=\u00a0\u00bbvc_hidden-lg vc_hidden-md vc_hidden-sm\u00a0\u00bb][vc_btn title=\u00a0\u00bbFAITES VOTRE R\u00c9SERVATION\u00a0\u00bb color=\u00a0\u00bbinfo\u00a0\u00bb align=\u00a0\u00bbcenter\u00a0\u00bb css=\u00a0\u00bb.vc_custom_1749666278785{margin-top: -110px !important;margin-bottom: 0px !important;}\u00a0\u00bb link=\u00a0\u00bburl:https%3A%2F%2Flicahomes.com%2Ffr%2Freserve%2F\u00a0\u00bb el_class=\u00a0\u00bbbook_button\u00a0\u00bb][vc_column_text css=\u00a0\u00bb.vc_custom_1749666077809{margin-top: 20px !important;padding-bottom: 10px !important;}\u00a0\u00bb el_class=\u00a0\u00bbfrontheading\u00a0\u00bb] D\u00e9couvrez toutes nos propri\u00e9t\u00e9s de vacances \u00e0 Marbella et sur la Costa del Sol Chez Lica Homes, nous vous accueillons dans une exp\u00e9rience de location de vacances unique dans l&rsquo;une &#8230;<\/p>\n","protected":false},"author":1,"featured_media":0,"parent":0,"menu_order":0,"comment_status":"open","ping_status":"closed","template":"","meta":{"inline_featured_image":false,"footnotes":""},"class_list":["post-1193","page","type-page","status-publish","hentry"],"_links":{"self":[{"href":"https:\/\/licahomes.com\/fr\/wp-json\/wp\/v2\/pages\/1193","targetHints":{"allow":["GET"]}}],"collection":[{"href":"https:\/\/licahomes.com\/fr\/wp-json\/wp\/v2\/pages"}],"about":[{"href":"https:\/\/licahomes.com\/fr\/wp-json\/wp\/v2\/types\/page"}],"author":[{"embeddable":true,"href":"https:\/\/licahomes.com\/fr\/wp-json\/wp\/v2\/users\/1"}],"replies":[{"embeddable":true,"href":"https:\/\/licahomes.com\/fr\/wp-json\/wp\/v2\/comments?post=1193"}],"version-history":[{"count":183,"href":"https:\/\/licahomes.com\/fr\/wp-json\/wp\/v2\/pages\/1193\/revisions"}],"predecessor-version":[{"id":37683,"href":"https:\/\/licahomes.com\/fr\/wp-json\/wp\/v2\/pages\/1193\/revisions\/37683"}],"wp:attachment":[{"href":"https:\/\/licahomes.com\/fr\/wp-json\/wp\/v2\/media?parent=1193"}],"curies":[{"name":"wp","href":"https:\/\/api.w.org\/{rel}","templated":true}]}}