{"id":37611,"date":"2026-01-18T20:47:05","date_gmt":"2026-01-18T19:47:05","guid":{"rendered":"https:\/\/licahomes.com\/de\/?page_id=37611"},"modified":"2026-01-18T20:48:53","modified_gmt":"2026-01-18T19:48:53","slug":"saisonunterkuenfte","status":"publish","type":"page","link":"https:\/\/licahomes.com\/de\/saisonunterkuenfte\/","title":{"rendered":"Saisonunterk\u00fcnfte"},"content":{"rendered":"<div class=\"wpb-content-wrapper\"><p>[vc_row][vc_column][vc_column_text css=&#8220;&#8220;]<\/p>\n<h2 style=\"text-align: center; font-size: 32px;\">Saisonale Vermietung an der Costa del Sol<\/h2>\n<div class=\"subheading\" style=\"text-align: center;\">Bei Lica Homes bieten wir Ihnen von September bis Juni saisonale Ferienwohnungen an. Diese sind ideal f\u00fcr einen mehrmonatigen Aufenthalt und perfekt f\u00fcr alle, die die Costa del Sol in entspannter Atmosph\u00e4re genie\u00dfen und sich wie zu Hause f\u00fchlen m\u00f6chten. Ob Sie gesch\u00e4ftlich unterwegs sind, einen sonnigen Winterurlaub verbringen oder einfach dem Alltag entfliehen m\u00f6chten \u2013 wir helfen Ihnen gerne, die perfekte Unterkunft zu finden. Unsere Ferienwohnungen sind komplett ausgestattet und bezugsfertig, sodass Sie sich ganz auf Ihren Aufenthalt konzentrieren k\u00f6nnen.<\/div>\n<p>[\/vc_column_text][\/vc_column][\/vc_row]<\/p>\n<\/div>","protected":false},"excerpt":{"rendered":"<p>[vc_row][vc_column][vc_column_text css=&#8220;&#8220;] Saisonale Vermietung an der Costa del Sol Bei Lica Homes bieten wir Ihnen von September bis Juni saisonale Ferienwohnungen an. Diese sind ideal f\u00fcr einen mehrmonatigen Aufenthalt und perfekt f\u00fcr alle, die die Costa del Sol in entspannter Atmosph\u00e4re genie\u00dfen und sich wie zu Hause f\u00fchlen m\u00f6chten. Ob Sie gesch\u00e4ftlich unterwegs sind, einen &#8230;<\/p>\n","protected":false},"author":1,"featured_media":0,"parent":0,"menu_order":0,"comment_status":"closed","ping_status":"closed","template":"property_list.php","meta":{"inline_featured_image":false,"footnotes":""},"class_list":["post-37611","page","type-page","status-publish","hentry"],"_links":{"self":[{"href":"https:\/\/licahomes.com\/de\/wp-json\/wp\/v2\/pages\/37611","targetHints":{"allow":["GET"]}}],"collection":[{"href":"https:\/\/licahomes.com\/de\/wp-json\/wp\/v2\/pages"}],"about":[{"href":"https:\/\/licahomes.com\/de\/wp-json\/wp\/v2\/types\/page"}],"author":[{"embeddable":true,"href":"https:\/\/licahomes.com\/de\/wp-json\/wp\/v2\/users\/1"}],"replies":[{"embeddable":true,"href":"https:\/\/licahomes.com\/de\/wp-json\/wp\/v2\/comments?post=37611"}],"version-history":[{"count":2,"href":"https:\/\/licahomes.com\/de\/wp-json\/wp\/v2\/pages\/37611\/revisions"}],"predecessor-version":[{"id":37613,"href":"https:\/\/licahomes.com\/de\/wp-json\/wp\/v2\/pages\/37611\/revisions\/37613"}],"wp:attachment":[{"href":"https:\/\/licahomes.com\/de\/wp-json\/wp\/v2\/media?parent=37611"}],"curies":[{"name":"wp","href":"https:\/\/api.w.org\/{rel}","templated":true}]}}