{"id":36760,"date":"2025-05-05T21:09:08","date_gmt":"2025-05-05T19:09:08","guid":{"rendered":"https:\/\/licahomes.com\/de\/?page_id=36760"},"modified":"2026-04-10T17:11:09","modified_gmt":"2026-04-10T15:11:09","slug":"uber-uns","status":"publish","type":"page","link":"https:\/\/licahomes.com\/de\/uber-uns\/","title":{"rendered":"\u00dcber uns"},"content":{"rendered":"<div class=\"wpb-content-wrapper\"><p>[vc_section][vc_row][vc_column width=&#8220;1\/2&#8243; offset=&#8220;vc_hidden-md vc_hidden-sm vc_hidden-xs&#8220;][vc_single_image image=&#8220;37715&#8243; img_size=&#8220;full&#8220; css=&#8220;&#8220;][\/vc_column][vc_column width=&#8220;1\/2&#8243;][vc_column_text css=&#8220;.vc_custom_1748041847390{padding-bottom: 10px !important;}&#8220; el_class=&#8220;frontheading&#8220;]Mit \u00fcber 18 Jahren Erfahrung im Bereich der Ferienvermietung an der Costa del Sol sind wir bei Lica Homes bestrebt, Ihnen einzigartige Aufenthalte in sorgf\u00e4ltig ausgew\u00e4hlten Immobilien in den exklusivsten Gegenden von Marbella und Umgebung anzubieten.<\/p>\n<p>Unser Ziel ist es, dass Sie sich vom ersten Moment an wie zu Hause f\u00fchlen. Deshalb k\u00fcmmern wir uns um jedes Detail, damit Sie sich nur darum k\u00fcmmern m\u00fcssen, Ihren Spa\u00df zu haben. Von der tadellosen Reinigung bis hin zur laufenden Wartung und dem pers\u00f6nlichen Service arbeiten wir jeden Tag daran, Ihnen ein komfortables, sicheres und problemloses Unterkunftserlebnis zu bieten.<\/p>\n<p>Wir legen Wert auf eine enge und ehrliche Beziehung zu unseren Kunden. Wir begleiten Sie vom ersten Kontakt an, beantworten Ihre Fragen und stehen Ihnen jederzeit zur Verf\u00fcgung, um sicherzustellen, dass Ihr Aufenthalt Ihre Erwartungen \u00fcbertrifft.<\/p>\n<p>Wir k\u00f6nnen eine menschlichere und flexiblere Behandlung anbieten. Wir bieten Optionen f\u00fcr Kurz- und Mittelzeitaufenthalte und passen uns den Bed\u00fcrfnissen jedes Reisenden an.<\/p>\n<p>Unsere Leidenschaft, die Dinge richtig zu machen, und unser Engagement f\u00fcr jeden Gast machen den Unterschied. Egal, ob Sie mit der Familie, als Paar oder gesch\u00e4ftlich unterwegs sind, wir haben die ideale Immobilie f\u00fcr Sie.<\/p>\n<p>Willkommen bei Lica Homes. Willkommen in Ihrem n\u00e4chsten Zuhause an der Costa del Sol.[\/vc_column_text][\/vc_column][\/vc_row][\/vc_section][vc_row css=&#8220;.vc_custom_1746879501875{margin-top: 50px !important;}&#8220;][vc_column][vc_cta h2=&#8220;Alle unsere Immobilien&#8220; add_button=&#8220;right&#8220; btn_title=&#8220;Alle Unterk\u00fcnfte anzeigen&#8220; btn_style=&#8220;classic&#8220; btn_color=&#8220;info&#8220; btn_align=&#8220;right&#8220; btn_i_align=&#8220;right&#8220; btn_i_icon_fontawesome=&#8220;fa fa-solid fa-arrow-right&#8220; css=&#8220;&#8220; btn_add_icon=&#8220;true&#8220; btn_link=&#8220;url:https%3A%2F%2Flicahomes.com%2Fde%2Feigenschaften%2F&#8220;]Entdecken Sie unsere komplette Auswahl an Ferienunterk\u00fcnften. Es erwarten Sie charmante H\u00e4user, Wohnungen mit Aussicht und vieles mehr. Finden Sie den perfekten Ort f\u00fcr Ihren n\u00e4chsten Kurzurlaub.[\/vc_cta][\/vc_column][\/vc_row]<\/p>\n<\/div>","protected":false},"excerpt":{"rendered":"<p>[vc_section][vc_row][vc_column width=&#8220;1\/2&#8243; offset=&#8220;vc_hidden-md vc_hidden-sm vc_hidden-xs&#8220;][vc_single_image image=&#8220;37715&#8243; img_size=&#8220;full&#8220; css=&#8220;&#8220;][\/vc_column][vc_column width=&#8220;1\/2&#8243;][vc_column_text css=&#8220;.vc_custom_1748041847390{padding-bottom: 10px !important;}&#8220; el_class=&#8220;frontheading&#8220;]Mit \u00fcber 18 Jahren Erfahrung im Bereich der Ferienvermietung an der Costa del Sol sind wir bei Lica Homes bestrebt, Ihnen einzigartige Aufenthalte in sorgf\u00e4ltig ausgew\u00e4hlten Immobilien in den exklusivsten Gegenden von Marbella und Umgebung anzubieten. Unser Ziel ist es, dass Sie sich &#8230;<\/p>\n","protected":false},"author":1,"featured_media":0,"parent":0,"menu_order":0,"comment_status":"closed","ping_status":"closed","template":"","meta":{"inline_featured_image":false,"footnotes":""},"class_list":["post-36760","page","type-page","status-publish","hentry"],"_links":{"self":[{"href":"https:\/\/licahomes.com\/de\/wp-json\/wp\/v2\/pages\/36760","targetHints":{"allow":["GET"]}}],"collection":[{"href":"https:\/\/licahomes.com\/de\/wp-json\/wp\/v2\/pages"}],"about":[{"href":"https:\/\/licahomes.com\/de\/wp-json\/wp\/v2\/types\/page"}],"author":[{"embeddable":true,"href":"https:\/\/licahomes.com\/de\/wp-json\/wp\/v2\/users\/1"}],"replies":[{"embeddable":true,"href":"https:\/\/licahomes.com\/de\/wp-json\/wp\/v2\/comments?post=36760"}],"version-history":[{"count":16,"href":"https:\/\/licahomes.com\/de\/wp-json\/wp\/v2\/pages\/36760\/revisions"}],"predecessor-version":[{"id":37716,"href":"https:\/\/licahomes.com\/de\/wp-json\/wp\/v2\/pages\/36760\/revisions\/37716"}],"wp:attachment":[{"href":"https:\/\/licahomes.com\/de\/wp-json\/wp\/v2\/media?parent=36760"}],"curies":[{"name":"wp","href":"https:\/\/api.w.org\/{rel}","templated":true}]}}