{"id":1193,"date":"2015-07-02T10:15:59","date_gmt":"2015-07-02T10:15:59","guid":{"rendered":"http:\/\/wprentals.org\/?page_id=1193"},"modified":"2026-04-10T19:58:46","modified_gmt":"2026-04-10T17:58:46","slug":"inicio","status":"publish","type":"page","link":"https:\/\/licahomes.com\/de\/","title":{"rendered":"Homepage"},"content":{"rendered":"<div class=\"wpb-content-wrapper\"><p>[vc_section css=&#8220;.vc_custom_1746749535415{background-color: #FFFFFF00 !important;}&#8220;][vc_row][vc_column offset=&#8220;vc_hidden-lg vc_hidden-md vc_hidden-sm&#8220;][vc_btn title=&#8220;RESERVIEREN SIE&#8220; color=&#8220;info&#8220; align=&#8220;center&#8220; css=&#8220;.vc_custom_1749669324828{margin-top: -110px !important;margin-bottom: 0px !important;}&#8220; link=&#8220;url:https%3A%2F%2Flicahomes.com%2Fde%2Freservieren%2F&#8220; el_class=&#8220;book_button&#8220;][vc_column_text css=&#8220;.vc_custom_1749669271449{margin-top: 30px !important;padding-bottom: 10px !important;}&#8220; el_class=&#8220;frontheading&#8220;]<\/p>\n<h2 style=\"text-align: center; font-size: 32px;\">Entdecken Sie alle unsere Ferienimmobilien<br \/>\nin Marbella und der Costa del Sol<\/h2>\n<p style=\"text-align: center;\">Bei Lica Homes begr\u00fc\u00dfen wir Sie zu einem einzigartigen Ferienmieterlebnis in einer der exklusivsten Gegenden der Costa del Sol. Unser Immobilienportfolio wurde sorgf\u00e4ltig ausgew\u00e4hlt, um Ihnen unvergessliche Aufenthalte in modernen Apartments am Strand und charmanten H\u00e4usern in den besten Lagen von Marbella und Umgebung zu bieten. Bei Lica Homes haben wir die perfekte Immobilie f\u00fcr Sie.<\/p>\n<p>[\/vc_column_text][\/vc_column][\/vc_row][vc_row][vc_column offset=&#8220;vc_hidden-xs&#8220;][vc_btn title=&#8220;RESERVIEREN SIE&#8220; color=&#8220;danger&#8220; size=&#8220;lg&#8220; align=&#8220;center&#8220; css=&#8220;.vc_custom_1775842928072{margin-top: -150px !important;margin-bottom: 100px !important;}&#8220; link=&#8220;url:https%3A%2F%2Flicahomes.com%2Fde%2Freservieren%2F&#8220; el_class=&#8220;book_button&#8220;][vc_column_text css=&#8220;.vc_custom_1748040142446{padding-bottom: 10px !important;}&#8220; el_class=&#8220;frontheading&#8220;]<\/p>\n<h2 style=\"text-align: center; font-size: 32px;\">Entdecken Sie alle unsere Ferienimmobilien<br \/>\nin Marbella und der Costa del Sol<\/h2>\n<p style=\"text-align: center;\">Bei Lica Homes begr\u00fc\u00dfen wir Sie zu einem einzigartigen Ferienmieterlebnis in einer der exklusivsten Gegenden der Costa del Sol. Unser Immobilienportfolio wurde sorgf\u00e4ltig ausgew\u00e4hlt, um Ihnen unvergessliche Aufenthalte in modernen Apartments am Strand und charmanten H\u00e4usern in den besten Lagen von Marbella und Umgebung zu bieten. Bei Lica Homes haben wir die perfekte Immobilie f\u00fcr Sie.<\/p>\n<p>[\/vc_column_text][\/vc_column][\/vc_row][vc_row][vc_column width=&#8220;1\/3&#8243;]<div class=\"ult-content-box-container \" >\t<a class=\"ult-content-box-anchor\" href=\"https:\/\/licahomes.com\/de\/el-rincon-de-narciso\/\" >\t\t<div class=\"ult-content-box\" style=\"background-color:#F2F1EF;box-shadow: 4px 5px 8px 2px #c9c9c9 ;border-style:solid;border-width:0px;border-radius:15px;border-color:#ccc7c7;padding:0px;margin-bottom:35px;-webkit-transition: all 600ms ease;-moz-transition: all 600ms ease;-ms-transition: all 600ms ease;-o-transition: all 600ms ease;transition: all 600ms ease;\"  data-hover_bg_color=\"#F2F1EF\"  data-hover_box_shadow=\" 4px 5px 7px 2px #a5a2a2 \"    data-normal_margins=\"margin-bottom:35px;\"   data-bg=\"#F2F1EF\"  data-border_color=\"#ccc7c7\" >[vc_single_image image=&#8220;37405&#8243; img_size=&#8220;full&#8220; alignment=&#8220;center&#8220; style=&#8220;vc_box_rounded&#8220; onclick=&#8220;custom_link&#8220; css_animation=&#8220;fadeIn&#8220; css=&#8220;.vc_custom_1763062768713{margin-bottom: 20px !important;border-radius: 25px !important;}&#8220; link=&#8220;https:\/\/licahomes.com\/de\/angies-nest\/&#8220;][vc_custom_heading text=&#8220;Angies nest&#8220; use_theme_fonts=&#8220;yes&#8220; css_animation=&#8220;none&#8220; css=&#8220;.vc_custom_1763062685471{padding-right: 10px !important;padding-left: 10px !important;}&#8220; link=&#8220;url:https%3A%2F%2Flicahomes.com%2Fde%2Fangies-nest%2F&#8220;][vc_column_text css_animation=&#8220;none&#8220; css=&#8220;.vc_custom_1763062711376{margin-top: 20px !important;margin-bottom: 20px !important;padding-right: 10px !important;padding-left: 10px !important;}&#8220;]Im Jahr 2024 komplett renoviertes Haus im Herzen der Altstadt von Estepona.[\/vc_column_text][vc_btn title=&#8220;WEITERE INFORMATIONEN&#8220; color=&#8220;info&#8220; size=&#8220;sm&#8220; align=&#8220;left&#8220; i_align=&#8220;right&#8220; i_icon_fontawesome=&#8220;fa fa-solid fa-arrow-right-long&#8220; css=&#8220;&#8220; button_block=&#8220;true&#8220; add_icon=&#8220;true&#8220; link=&#8220;url:https%3A%2F%2Flicahomes.com%2Fde%2Fangies-nest%2F&#8220;]\t\t<\/div>\t<\/a><\/div>[\/vc_column][vc_column width=&#8220;1\/3&#8243;]<div class=\"ult-content-box-container \" >\t<a class=\"ult-content-box-anchor\" href=\"https:\/\/licahomes.com\/de\/el-rincon-de-narciso\/\" >\t\t<div class=\"ult-content-box\" style=\"background-color:#F2F1EF;box-shadow: 4px 5px 8px 2px #c9c9c9 ;border-style:solid;border-width:0px;border-radius:15px;border-color:#ccc7c7;padding:0px;margin-bottom:35px;-webkit-transition: all 600ms ease;-moz-transition: all 600ms ease;-ms-transition: all 600ms ease;-o-transition: all 600ms ease;transition: all 600ms ease;\"  data-hover_bg_color=\"#F2F1EF\"  data-hover_box_shadow=\" 4px 5px 7px 2px #a5a2a2 \"    data-normal_margins=\"margin-bottom:35px;\"   data-bg=\"#F2F1EF\"  data-border_color=\"#ccc7c7\" >[vc_single_image image=&#8220;37131&#8243; img_size=&#8220;full&#8220; alignment=&#8220;center&#8220; style=&#8220;vc_box_rounded&#8220; onclick=&#8220;custom_link&#8220; css_animation=&#8220;fadeIn&#8220; css=&#8220;.vc_custom_1746897446915{margin-bottom: 20px !important;border-radius: 25px !important;}&#8220; link=&#8220;https:\/\/licahomes.com\/de\/bermuda-beachfront-living\/&#8220;][vc_custom_heading text=&#8220;Bermuda Beachfront Living&#8220; use_theme_fonts=&#8220;yes&#8220; css_animation=&#8220;none&#8220; css=&#8220;.vc_custom_1746895970939{padding-right: 10px !important;padding-left: 10px !important;}&#8220; link=&#8220;url:https%3A%2F%2Flicahomes.com\/de%2Fbermuda-beachfront-living%2F&#8220;][vc_column_text css_animation=&#8220;none&#8220; css=&#8220;.vc_custom_1748040265101{margin-top: 20px !important;margin-bottom: 20px !important;padding-right: 10px !important;padding-left: 10px !important;}&#8220;]Apartment mit Meerblick in einer der ruhigsten Gegenden der Costa del Sol.[\/vc_column_text][vc_btn title=&#8220;WEITERE INFORMATIONEN&#8220; color=&#8220;info&#8220; size=&#8220;sm&#8220; align=&#8220;left&#8220; i_align=&#8220;right&#8220; i_icon_fontawesome=&#8220;fa fa-solid fa-arrow-right-long&#8220; css=&#8220;&#8220; button_block=&#8220;true&#8220; add_icon=&#8220;true&#8220; link=&#8220;url:https%3A%2F%2Flicahomes.com\/de%2Fbermuda-beachfront-living%2F&#8220;]\t\t<\/div>\t<\/a><\/div>[\/vc_column][vc_column width=&#8220;1\/3&#8243;]<div class=\"ult-content-box-container \" >\t<a class=\"ult-content-box-anchor\" href=\"https:\/\/licahomes.com\/de\/el-rincon-de-narciso\/\" >\t\t<div class=\"ult-content-box\" style=\"background-color:#F2F1EF;box-shadow: 4px 5px 8px 2px #c9c9c9 ;border-style:solid;border-width:0px;border-radius:15px;border-color:#ccc7c7;padding:0px;margin-bottom:35px;-webkit-transition: all 600ms ease;-moz-transition: all 600ms ease;-ms-transition: all 600ms ease;-o-transition: all 600ms ease;transition: all 600ms ease;\"  data-hover_bg_color=\"#F2F1EF\"  data-hover_box_shadow=\" 4px 5px 7px 2px #a5a2a2 \"    data-normal_margins=\"margin-bottom:35px;\"   data-bg=\"#F2F1EF\"  data-border_color=\"#ccc7c7\" >[vc_single_image image=&#8220;37726&#8243; img_size=&#8220;full&#8220; alignment=&#8220;center&#8220; style=&#8220;vc_box_rounded&#8220; onclick=&#8220;custom_link&#8220; css_animation=&#8220;fadeIn&#8220; css=&#8220;.vc_custom_1775842508454{margin-bottom: 20px !important;border-radius: 25px !important;}&#8220; link=&#8220;https:\/\/licahomes.com\/de\/sotoserena-garden-home\/&#8220;][vc_custom_heading text=&#8220;Sotoserena Garden Home&#8220; use_theme_fonts=&#8220;yes&#8220; css_animation=&#8220;none&#8220; css=&#8220;.vc_custom_1775842525395{padding-right: 10px !important;padding-left: 10px !important;}&#8220; link=&#8220;url:https%3A%2F%2Flicahomes.com%2Fde%2Fsotoserena-garden-home%2F&#8220;][vc_column_text css_animation=&#8220;none&#8220; css=&#8220;.vc_custom_1775842558125{margin-top: 20px !important;margin-bottom: 20px !important;padding-right: 10px !important;padding-left: 10px !important;}&#8220;]Elegante und helle Wohnung in exklusiver Lage an der Neuen Goldenen Meile.[\/vc_column_text][vc_btn title=&#8220;WEITERE INFORMATIONEN&#8220; color=&#8220;info&#8220; size=&#8220;sm&#8220; align=&#8220;left&#8220; i_align=&#8220;right&#8220; i_icon_fontawesome=&#8220;fa fa-solid fa-arrow-right-long&#8220; css=&#8220;&#8220; button_block=&#8220;true&#8220; add_icon=&#8220;true&#8220; link=&#8220;url:https%3A%2F%2Flicahomes.com%2Fde%2Fsotoserena-garden-home%2F&#8220;]\t\t<\/div>\t<\/a><\/div>[\/vc_column][\/vc_row][vc_row][vc_column width=&#8220;1\/3&#8243;]<div class=\"ult-content-box-container \" >\t<a class=\"ult-content-box-anchor\" href=\"https:\/\/licahomes.com\/de\/el-rincon-de-narciso\/\" >\t\t<div class=\"ult-content-box\" style=\"background-color:#F2F1EF;box-shadow: 4px 5px 8px 2px #c9c9c9 ;border-style:solid;border-width:0px;border-radius:15px;border-color:#ccc7c7;padding:0px;margin-bottom:35px;-webkit-transition: all 600ms ease;-moz-transition: all 600ms ease;-ms-transition: all 600ms ease;-o-transition: all 600ms ease;transition: all 600ms ease;\"  data-hover_bg_color=\"#F2F1EF\"  data-hover_box_shadow=\" 4px 5px 7px 2px #a5a2a2 \"    data-normal_margins=\"margin-bottom:35px;\"   data-bg=\"#F2F1EF\"  data-border_color=\"#ccc7c7\" >[vc_single_image image=&#8220;37736&#8243; img_size=&#8220;full&#8220; alignment=&#8220;center&#8220; style=&#8220;vc_box_rounded&#8220; onclick=&#8220;custom_link&#8220; css_animation=&#8220;fadeIn&#8220; css=&#8220;.vc_custom_1775842812770{margin-bottom: 20px !important;border-radius: 25px !important;}&#8220; link=&#8220;https:\/\/licahomes.com\/de\/paraiso-bel-air\/&#8220;][vc_custom_heading text=&#8220;Paraiso de Bel Air&#8220; use_theme_fonts=&#8220;yes&#8220; css_animation=&#8220;none&#8220; css=&#8220;.vc_custom_1775842827789{padding-right: 10px !important;padding-left: 10px !important;}&#8220; link=&#8220;url:https%3A%2F%2Flicahomes.com%2Fde%2Fparaiso-bel-air%2F&#8220;][vc_column_text css_animation=&#8220;none&#8220; css=&#8220;.vc_custom_1775842792678{margin-top: 20px !important;margin-bottom: 20px !important;padding-right: 10px !important;padding-left: 10px !important;}&#8220;]Pr\u00e4chtige Wohnung in der exklusiven und ruhigen Wohnanlage El Retiro de Bel Air.[\/vc_column_text][vc_btn title=&#8220;WEITERE INFORMATIONEN&#8220; color=&#8220;info&#8220; size=&#8220;sm&#8220; align=&#8220;left&#8220; i_align=&#8220;right&#8220; i_icon_fontawesome=&#8220;fa fa-solid fa-arrow-right-long&#8220; css=&#8220;&#8220; button_block=&#8220;true&#8220; add_icon=&#8220;true&#8220; link=&#8220;url:https%3A%2F%2Flicahomes.com%2Fde%2Fparaiso-bel-air%2F&#8220;]\t\t<\/div>\t<\/a><\/div>[\/vc_column][vc_column width=&#8220;1\/3&#8243;]<div class=\"ult-content-box-container \" >\t<a class=\"ult-content-box-anchor\" href=\"https:\/\/licahomes.com\/de\/el-rincon-de-narciso\/\" >\t\t<div class=\"ult-content-box\" style=\"background-color:#F2F1EF;box-shadow: 4px 5px 8px 2px #c9c9c9 ;border-style:solid;border-width:0px;border-radius:15px;border-color:#ccc7c7;padding:0px;margin-bottom:35px;-webkit-transition: all 600ms ease;-moz-transition: all 600ms ease;-ms-transition: all 600ms ease;-o-transition: all 600ms ease;transition: all 600ms ease;\"  data-hover_bg_color=\"#F2F1EF\"  data-hover_box_shadow=\" 4px 5px 7px 2px #a5a2a2 \"    data-normal_margins=\"margin-bottom:35px;\"   data-bg=\"#F2F1EF\"  data-border_color=\"#ccc7c7\" >[vc_single_image image=&#8220;37732&#8243; img_size=&#8220;full&#8220; alignment=&#8220;center&#8220; style=&#8220;vc_box_rounded&#8220; onclick=&#8220;custom_link&#8220; css_animation=&#8220;fadeIn&#8220; css=&#8220;.vc_custom_1775842732705{margin-bottom: 20px !important;border-radius: 25px !important;}&#8220; link=&#8220;https:\/\/licahomes.com\/de\/south-paradise-sea-view\/&#8220;][vc_custom_heading text=&#8220;South Paradise Sea View&#8220; use_theme_fonts=&#8220;yes&#8220; css_animation=&#8220;none&#8220; css=&#8220;.vc_custom_1775842738755{padding-right: 10px !important;padding-left: 10px !important;}&#8220; link=&#8220;url:https%3A%2F%2Flicahomes.com%2Fde%2Fsouth-paradise-sea-view%2F&#8220;][vc_column_text css_animation=&#8220;none&#8220; css=&#8220;.vc_custom_1775842701892{margin-top: 20px !important;margin-bottom: 20px !important;padding-right: 10px !important;padding-left: 10px !important;}&#8220;]Luxuri\u00f6ses Penthouse, entworfen f\u00fcr ein Leben mit maximalem Komfort und Raffinesse.[\/vc_column_text][vc_btn title=&#8220;WEITERE INFORMATIONEN&#8220; color=&#8220;info&#8220; size=&#8220;sm&#8220; align=&#8220;left&#8220; i_align=&#8220;right&#8220; i_icon_fontawesome=&#8220;fa fa-solid fa-arrow-right-long&#8220; css=&#8220;&#8220; button_block=&#8220;true&#8220; add_icon=&#8220;true&#8220; link=&#8220;url:https%3A%2F%2Flicahomes.com%2Fde%2Fsouth-paradise-sea-view%2F&#8220;]\t\t<\/div>\t<\/a><\/div>[\/vc_column][vc_column width=&#8220;1\/3&#8243;]<div class=\"ult-content-box-container \" >\t<a class=\"ult-content-box-anchor\" href=\"https:\/\/licahomes.com\/de\/el-rincon-de-narciso\/\" >\t\t<div class=\"ult-content-box\" style=\"background-color:#F2F1EF;box-shadow: 4px 5px 8px 2px #c9c9c9 ;border-style:solid;border-width:0px;border-radius:15px;border-color:#ccc7c7;padding:0px;margin-bottom:35px;-webkit-transition: all 600ms ease;-moz-transition: all 600ms ease;-ms-transition: all 600ms ease;-o-transition: all 600ms ease;transition: all 600ms ease;\"  data-hover_bg_color=\"#F2F1EF\"  data-hover_box_shadow=\" 4px 5px 7px 2px #a5a2a2 \"    data-normal_margins=\"margin-bottom:35px;\"   data-bg=\"#F2F1EF\"  data-border_color=\"#ccc7c7\" >[vc_single_image image=&#8220;37728&#8243; img_size=&#8220;full&#8220; alignment=&#8220;center&#8220; style=&#8220;vc_box_rounded&#8220; onclick=&#8220;custom_link&#8220; css_animation=&#8220;fadeIn&#8220; css=&#8220;.vc_custom_1775842449880{margin-bottom: 20px !important;border-radius: 25px !important;}&#8220; link=&#8220;https:\/\/licahomes.com\/de\/villa-morris\/&#8220;][vc_custom_heading text=&#8220;Villa Morris&#8220; use_theme_fonts=&#8220;yes&#8220; css_animation=&#8220;none&#8220; css=&#8220;.vc_custom_1775842462472{padding-right: 10px !important;padding-left: 10px !important;}&#8220; link=&#8220;url:https%3A%2F%2Flicahomes.com%2Fde%2Fvilla-morris%2F&#8220;][vc_column_text css_animation=&#8220;none&#8220; css=&#8220;.vc_custom_1775842417124{margin-top: 20px !important;margin-bottom: 20px !important;padding-right: 10px !important;padding-left: 10px !important;}&#8220;]Exklusive, moderne Villa mit lichtdurchfluteten R\u00e4umen, nur wenige Minuten vom Meer entfernt.[\/vc_column_text][vc_btn title=&#8220;WEITERE INFORMATIONEN&#8220; color=&#8220;info&#8220; size=&#8220;sm&#8220; align=&#8220;left&#8220; i_align=&#8220;right&#8220; i_icon_fontawesome=&#8220;fa fa-solid fa-arrow-right-long&#8220; css=&#8220;&#8220; button_block=&#8220;true&#8220; add_icon=&#8220;true&#8220; link=&#8220;url:https%3A%2F%2Flicahomes.com%2Fde%2Fvilla-morris%2F&#8220;]\t\t<\/div>\t<\/a><\/div>[\/vc_column][\/vc_row][vc_row][vc_column][vc_cta h2=&#8220;Alle unsere Immobilien&#8220; add_button=&#8220;right&#8220; btn_title=&#8220;Alle Unterk\u00fcnfte anzeigen&#8220; btn_style=&#8220;classic&#8220; btn_color=&#8220;info&#8220; btn_align=&#8220;right&#8220; btn_i_align=&#8220;right&#8220; btn_i_icon_fontawesome=&#8220;fa fa-solid fa-arrow-right&#8220; css=&#8220;&#8220; btn_add_icon=&#8220;true&#8220; btn_link=&#8220;url:https%3A%2F%2Flicahomes.com%2Fde%2Feigenschaften%2F&#8220;]Entdecken Sie unsere komplette Auswahl an Ferienunterk\u00fcnften. Es erwarten Sie charmante H\u00e4user, Wohnungen mit Aussicht und vieles mehr. Finden Sie den perfekten Ort f\u00fcr Ihren n\u00e4chsten Kurzurlaub.<\/p>\n<p>[\/vc_cta][\/vc_column][\/vc_row][\/vc_section][vc_row full_width=&#8220;stretch_row&#8220; css=&#8220;.vc_custom_1746954415682{margin-top: 20px !important;margin-bottom: 20px !important;padding-top: 65px !important;padding-bottom: 90px !important;background: #FFFFFF url(https:\/\/licahomes.com\/de\/wp-content\/uploads\/sites\/5\/2023\/03\/back_webp-18-2-4.webp?id=36462) !important;}&#8220;][vc_column][vc_column_text css=&#8220;&#8220;]<\/p>\n<h3 style=\"text-align: center; font-size: 32px; color: #fff;\">Ihr n\u00e4chster Kurzurlaub wartet auf Sie.<br \/>\nBuchen Sie jetzt und erleben Sie ein einzigartiges Erlebnis.<\/h3>\n<p>[\/vc_column_text][vc_btn title=&#8220;RESERVIEREN SIE&#8220; color=&#8220;danger&#8220; size=&#8220;lg&#8220; align=&#8220;center&#8220; css=&#8220;&#8220; link=&#8220;url:https%3A%2F%2Flicahomes.com%2Fde%2Feigenschaften%2F&#8220;][\/vc_column][\/vc_row][vc_row][vc_column][vc_column_text css=&#8220;.vc_custom_1748040646298{padding-bottom: 10px !important;}&#8220; el_class=&#8220;frontheading&#8220;]<\/p>\n<h2 style=\"text-align: center; font-size: 32px;\">Was finden Sie in unseren Immobilien?<\/h2>\n<p style=\"text-align: center;\">Gro\u00dfz\u00fcgige R\u00e4ume, elegante Einrichtung, sonnige Terrassen und alle Annehmlichkeiten, die Sie zum Entspannen brauchen. Viele unserer Ferienh\u00e4user sind mit einem privaten Pool, Garten, Grillplatz, Klimaanlage, Highspeed-WLAN, Parkplatz und nat\u00fcrlich einer privilegierten Lage ausgestattet, nur wenige Minuten von den ber\u00fchmtesten Str\u00e4nden Marbellas, Puerto Ban\u00fas und der Goldenen Meile entfernt.<\/p>\n<p>[\/vc_column_text][\/vc_column][\/vc_row][vc_row full_width=&#8220;stretch_row&#8220;][vc_column]<div id=\"ult-carousel-306389649369e1598edfe94\" class=\"ult-carousel-wrapper  ultimate_carousel  ult_horizontal\" data-gutter=\"25\" data-rtl=\"false\" ><div class=\"ult-carousel-131356075769e1598edcc3c \" >[vc_single_image image=&#8220;37736&#8243; img_size=&#8220;full&#8220; alignment=&#8220;center&#8220; style=&#8220;vc_box_rounded&#8220; onclick=&#8220;link_image&#8220; css_animation=&#8220;fadeIn&#8220; css=&#8220;.vc_custom_1775843860282{border-radius: 25px !important;}&#8220;][vc_single_image image=&#8220;37735&#8243; img_size=&#8220;full&#8220; alignment=&#8220;center&#8220; style=&#8220;vc_box_rounded&#8220; onclick=&#8220;link_image&#8220; css_animation=&#8220;fadeIn&#8220; css=&#8220;.vc_custom_1775843869919{border-radius: 25px !important;}&#8220;][vc_single_image image=&#8220;37733&#8243; img_size=&#8220;full&#8220; alignment=&#8220;center&#8220; style=&#8220;vc_box_rounded&#8220; onclick=&#8220;link_image&#8220; css_animation=&#8220;fadeIn&#8220; css=&#8220;.vc_custom_1775843879025{border-radius: 25px !important;}&#8220;][vc_single_image image=&#8220;37732&#8243; img_size=&#8220;full&#8220; alignment=&#8220;center&#8220; style=&#8220;vc_box_rounded&#8220; onclick=&#8220;link_image&#8220; css_animation=&#8220;fadeIn&#8220; css=&#8220;.vc_custom_1775843890521{border-radius: 25px !important;}&#8220;][vc_single_image image=&#8220;37730&#8243; img_size=&#8220;full&#8220; alignment=&#8220;center&#8220; style=&#8220;vc_box_rounded&#8220; onclick=&#8220;link_image&#8220; css_animation=&#8220;fadeIn&#8220; css=&#8220;.vc_custom_1775843904172{border-radius: 25px !important;}&#8220;][vc_single_image image=&#8220;37726&#8243; img_size=&#8220;full&#8220; alignment=&#8220;center&#8220; style=&#8220;vc_box_rounded&#8220; onclick=&#8220;link_image&#8220; css_animation=&#8220;fadeIn&#8220; css=&#8220;.vc_custom_1775843919927{border-radius: 25px !important;}&#8220;]<\/div><\/div>\t\t\t<script type=\"text\/javascript\">\n\t\t\t\tjQuery(document).ready(function ($) {\n\t\t\t\t\tif( typeof jQuery('.ult-carousel-131356075769e1598edcc3c').slick == \"function\"){\n\t\t\t\t\t\t$('.ult-carousel-131356075769e1598edcc3c').slick({dots: false,autoplay: true,autoplaySpeed: \"5000\",speed: \"300\",infinite: true,arrows: false,slidesToScroll:3,slidesToShow:3,swipe: true,draggable: true,touchMove: true,pauseOnHover: true,pauseOnFocus: false,responsive: [\n\t\t\t\t\t\t\t{\n\t\t\t\t\t\t\t  breakpoint: 1026,\n\t\t\t\t\t\t\t  settings: {\n\t\t\t\t\t\t\t\tslidesToShow: 3,\n\t\t\t\t\t\t\t\tslidesToScroll: 3,  \n\t\t\t\t\t\t\t  }\n\t\t\t\t\t\t\t},\n\t\t\t\t\t\t\t{\n\t\t\t\t\t\t\t  breakpoint: 1025,\n\t\t\t\t\t\t\t  settings: {\n\t\t\t\t\t\t\t\tslidesToShow: 2,\n\t\t\t\t\t\t\t\tslidesToScroll: 2\n\t\t\t\t\t\t\t  }\n\t\t\t\t\t\t\t},\n\t\t\t\t\t\t\t{\n\t\t\t\t\t\t\t  breakpoint: 760,\n\t\t\t\t\t\t\t  settings: {\n\t\t\t\t\t\t\t\tslidesToShow: 1,\n\t\t\t\t\t\t\t\tslidesToScroll: 1\n\t\t\t\t\t\t\t  }\n\t\t\t\t\t\t\t}\n\t\t\t\t\t\t],pauseOnDotsHover: true,customPaging: function(slider, i) {\n                   return '<i type=\"button\" style= \"color:#333333;\" class=\"ultsl-record\" data-role=\"none\"><\/i>';\n                },});\n\t\t\t\t\t}\n\t\t\t\t});\n\t\t\t<\/script>\n\t\t\t[\/vc_column][\/vc_row]<\/p>\n<\/div>","protected":false},"excerpt":{"rendered":"<p>[vc_section css=&#8220;.vc_custom_1746749535415{background-color: #FFFFFF00 !important;}&#8220;][vc_row][vc_column offset=&#8220;vc_hidden-lg vc_hidden-md vc_hidden-sm&#8220;][vc_btn title=&#8220;RESERVIEREN SIE&#8220; color=&#8220;info&#8220; align=&#8220;center&#8220; css=&#8220;.vc_custom_1749669324828{margin-top: -110px !important;margin-bottom: 0px !important;}&#8220; link=&#8220;url:https%3A%2F%2Flicahomes.com%2Fde%2Freservieren%2F&#8220; el_class=&#8220;book_button&#8220;][vc_column_text css=&#8220;.vc_custom_1749669271449{margin-top: 30px !important;padding-bottom: 10px !important;}&#8220; el_class=&#8220;frontheading&#8220;] Entdecken Sie alle unsere Ferienimmobilien in Marbella und der Costa del Sol Bei Lica Homes begr\u00fc\u00dfen wir Sie zu einem einzigartigen Ferienmieterlebnis in einer der exklusivsten Gegenden der Costa del Sol. &#8230;<\/p>\n","protected":false},"author":1,"featured_media":0,"parent":0,"menu_order":0,"comment_status":"open","ping_status":"closed","template":"","meta":{"inline_featured_image":false,"footnotes":""},"class_list":["post-1193","page","type-page","status-publish","hentry"],"_links":{"self":[{"href":"https:\/\/licahomes.com\/de\/wp-json\/wp\/v2\/pages\/1193","targetHints":{"allow":["GET"]}}],"collection":[{"href":"https:\/\/licahomes.com\/de\/wp-json\/wp\/v2\/pages"}],"about":[{"href":"https:\/\/licahomes.com\/de\/wp-json\/wp\/v2\/types\/page"}],"author":[{"embeddable":true,"href":"https:\/\/licahomes.com\/de\/wp-json\/wp\/v2\/users\/1"}],"replies":[{"embeddable":true,"href":"https:\/\/licahomes.com\/de\/wp-json\/wp\/v2\/comments?post=1193"}],"version-history":[{"count":186,"href":"https:\/\/licahomes.com\/de\/wp-json\/wp\/v2\/pages\/1193\/revisions"}],"predecessor-version":[{"id":37739,"href":"https:\/\/licahomes.com\/de\/wp-json\/wp\/v2\/pages\/1193\/revisions\/37739"}],"wp:attachment":[{"href":"https:\/\/licahomes.com\/de\/wp-json\/wp\/v2\/media?parent=1193"}],"curies":[{"name":"wp","href":"https:\/\/api.w.org\/{rel}","templated":true}]}}